{"id":2371,"date":"2019-05-23T12:42:18","date_gmt":"2019-05-23T15:42:18","guid":{"rendered":"http:\/\/192.168.15.3\/aerotronic.com.br\/pt\/?post_type=product&#038;p=2371"},"modified":"2019-07-28T13:05:13","modified_gmt":"2019-07-28T16:05:13","slug":"jp-instruments-edm-740","status":"publish","type":"product","link":"https:\/\/aerotronic.com.br\/en\/loja\/experimental-lsa\/jp-instruments-edm-740\/","title":{"rendered":"JP Instruments EDM-740"},"content":{"rendered":"<p>EGT \/ CHT,% HP, FF, OAT, MAP, RPM, Oil-T, Oil-P, Vcc, Alarmes Hi \/ Lo, Google Map, USB<br \/>\nAll in One Engine Instrumentation que funciona.\u00a0Comece a economizar combust\u00edvel hoje com o exclusivo recurso Over lean (LOP) da JPI.\u00a0Todas as fun\u00e7\u00f5es tamb\u00e9m aparecem em grande display digital.\u00a0O mesmo que o EDM-830 mais agora com n\u00edvel de combust\u00edvel e press\u00e3o de combust\u00edvel.\u00a0Modo de paisagem ou retrato selecion\u00e1vel pelo usu\u00e1rio.\u00a0Apenas para aeronaves experimentais.<\/p>\n","protected":false},"excerpt":{"rendered":"<p>Color Engine Monitor For Experimental Aircraft<\/p>\n","protected":false},"featured_media":2372,"comment_status":"open","ping_status":"closed","template":"","meta":[],"product_cat":[112],"product_tag":[],"brands":[{"id":173,"name":"JP Instruments","slug":"jp-instruments"}],"_links":{"self":[{"href":"https:\/\/aerotronic.com.br\/en\/wp-json\/wp\/v2\/product\/2371"}],"collection":[{"href":"https:\/\/aerotronic.com.br\/en\/wp-json\/wp\/v2\/product"}],"about":[{"href":"https:\/\/aerotronic.com.br\/en\/wp-json\/wp\/v2\/types\/product"}],"replies":[{"embeddable":true,"href":"https:\/\/aerotronic.com.br\/en\/wp-json\/wp\/v2\/comments?post=2371"}],"wp:featuredmedia":[{"embeddable":true,"href":"https:\/\/aerotronic.com.br\/en\/wp-json\/wp\/v2\/media\/2372"}],"wp:attachment":[{"href":"https:\/\/aerotronic.com.br\/en\/wp-json\/wp\/v2\/media?parent=2371"}],"wp:term":[{"taxonomy":"product_cat","embeddable":true,"href":"https:\/\/aerotronic.com.br\/en\/wp-json\/wp\/v2\/product_cat?post=2371"},{"taxonomy":"product_tag","embeddable":true,"href":"https:\/\/aerotronic.com.br\/en\/wp-json\/wp\/v2\/product_tag?post=2371"}],"curies":[{"name":"wp","href":"https:\/\/api.w.org\/{rel}","templated":true}]}}