{"id":2362,"date":"2019-05-21T14:03:09","date_gmt":"2019-05-21T17:03:09","guid":{"rendered":"http:\/\/192.168.15.3\/aerotronic.com.br\/pt\/?post_type=product&#038;p=2362"},"modified":"2019-07-27T20:33:53","modified_gmt":"2019-07-27T23:33:53","slug":"flight-display-systems-fd102cv","status":"publish","type":"product","link":"https:\/\/aerotronic.com.br\/en\/loja\/entertainment\/flight-display-systems-fd102cv\/","title":{"rendered":"Flight Display Systems FD102CV"},"content":{"rendered":"<p>O novo LCD widescreen de 10,2 &#8220;FD102CV possui a capacidade Split Screen e Picture In Picture (PIP) que permite visualizar duas telas de v\u00eddeo diferentes no mesmo LCD ao mesmo tempo. \u00c9 como dois LCDs pelo pre\u00e7o de um. Isso inclui Filmes em DVD, Moving Map Display, c\u00e2maras de ecr\u00e3 plano e televis\u00e3o por sat\u00e9lite Por exemplo, poder\u00e1 querer ver um DVD e utilizar a op\u00e7\u00e3o PIP para monitorizar o progresso da aeronave que visualiza o ecr\u00e3 Moving Map. Muitas combina\u00e7\u00f5es s\u00e3o poss\u00edveis.<\/p>\n","protected":false},"excerpt":{"rendered":"<p>10.2&#8243; Widescreen LCD<\/p>\n","protected":false},"featured_media":2363,"comment_status":"open","ping_status":"closed","template":"","meta":[],"product_cat":[100],"product_tag":[],"brands":[{"id":160,"name":"FDS","slug":"fds"}],"_links":{"self":[{"href":"https:\/\/aerotronic.com.br\/en\/wp-json\/wp\/v2\/product\/2362"}],"collection":[{"href":"https:\/\/aerotronic.com.br\/en\/wp-json\/wp\/v2\/product"}],"about":[{"href":"https:\/\/aerotronic.com.br\/en\/wp-json\/wp\/v2\/types\/product"}],"replies":[{"embeddable":true,"href":"https:\/\/aerotronic.com.br\/en\/wp-json\/wp\/v2\/comments?post=2362"}],"wp:featuredmedia":[{"embeddable":true,"href":"https:\/\/aerotronic.com.br\/en\/wp-json\/wp\/v2\/media\/2363"}],"wp:attachment":[{"href":"https:\/\/aerotronic.com.br\/en\/wp-json\/wp\/v2\/media?parent=2362"}],"wp:term":[{"taxonomy":"product_cat","embeddable":true,"href":"https:\/\/aerotronic.com.br\/en\/wp-json\/wp\/v2\/product_cat?post=2362"},{"taxonomy":"product_tag","embeddable":true,"href":"https:\/\/aerotronic.com.br\/en\/wp-json\/wp\/v2\/product_tag?post=2362"}],"curies":[{"name":"wp","href":"https:\/\/api.w.org\/{rel}","templated":true}]}}