{"id":2360,"date":"2019-05-21T13:59:58","date_gmt":"2019-05-21T16:59:58","guid":{"rendered":"http:\/\/192.168.15.3\/aerotronic.com.br\/pt\/?post_type=product&#038;p=2360"},"modified":"2019-07-27T20:33:54","modified_gmt":"2019-07-27T23:33:54","slug":"flight-display-systems-fd600cam-3hd","status":"publish","type":"product","link":"https:\/\/aerotronic.com.br\/en\/loja\/entertainment\/flight-display-systems-fd600cam-3hd\/","title":{"rendered":"Flight Display Systems FD600CAM-3HD"},"content":{"rendered":"<p>O FD600CAM-3 \u00e9 uma c\u00e2mera de alta resolu\u00e7\u00e3o.\u00a0Quando montada no cockpit, esta pequena c\u00e2mera colorida em HD proporcionar\u00e1 aos passageiros a oportunidade de observar o t\u00e1xi, a decolagem e o pouso.\u00a0Esta nova dimens\u00e3o para o entretenimento a bordo traz uma perspectiva conectada satisfat\u00f3ria ao cockpit aos passageiros, permitindo-lhes desfrutar de uma grande parte da experi\u00eancia de voo.<\/p>\n","protected":false},"excerpt":{"rendered":"<p>HD-SDI 1080p High Resolution Glareshield Camera<\/p>\n","protected":false},"featured_media":2361,"comment_status":"open","ping_status":"closed","template":"","meta":[],"product_cat":[100],"product_tag":[],"brands":[{"id":160,"name":"FDS","slug":"fds"}],"_links":{"self":[{"href":"https:\/\/aerotronic.com.br\/en\/wp-json\/wp\/v2\/product\/2360"}],"collection":[{"href":"https:\/\/aerotronic.com.br\/en\/wp-json\/wp\/v2\/product"}],"about":[{"href":"https:\/\/aerotronic.com.br\/en\/wp-json\/wp\/v2\/types\/product"}],"replies":[{"embeddable":true,"href":"https:\/\/aerotronic.com.br\/en\/wp-json\/wp\/v2\/comments?post=2360"}],"wp:featuredmedia":[{"embeddable":true,"href":"https:\/\/aerotronic.com.br\/en\/wp-json\/wp\/v2\/media\/2361"}],"wp:attachment":[{"href":"https:\/\/aerotronic.com.br\/en\/wp-json\/wp\/v2\/media?parent=2360"}],"wp:term":[{"taxonomy":"product_cat","embeddable":true,"href":"https:\/\/aerotronic.com.br\/en\/wp-json\/wp\/v2\/product_cat?post=2360"},{"taxonomy":"product_tag","embeddable":true,"href":"https:\/\/aerotronic.com.br\/en\/wp-json\/wp\/v2\/product_tag?post=2360"}],"curies":[{"name":"wp","href":"https:\/\/api.w.org\/{rel}","templated":true}]}}