{"id":2349,"date":"2019-05-21T13:30:42","date_gmt":"2019-05-21T16:30:42","guid":{"rendered":"http:\/\/192.168.15.3\/aerotronic.com.br\/pt\/?post_type=product&#038;p=2349"},"modified":"2019-07-28T13:36:35","modified_gmt":"2019-07-28T16:36:35","slug":"electronics-international-cgr-30-premium-combo","status":"publish","type":"product","link":"https:\/\/aerotronic.com.br\/en\/loja\/engine-management\/electronics-international-cgr-30-premium-combo\/","title":{"rendered":"Electronics International CGR-30 Premium Combo"},"content":{"rendered":"<h3>Inclu\u00eddo neste pacote combo s\u00e3o:<\/h3>\n<ul class=\"circleul\">\n<li>Pr\u00eamio CGR-30P<\/li>\n<li>Calibre de agrupamento CGR-30C<\/li>\n<\/ul>\n<p>Os instrumentos se<br \/>\najustam ao\u00a0padr\u00e3o de 3 1\/8 \u201dde furo\u00a0TSO&#8217;d &#038; STC&#8217;d como substitutos prim\u00e1rios<br \/>\nObserve que o fabricante cobra se um CofC e \/ ou 8130 for solicitado.\u00a0N\u00e3o inclu\u00eddo no pre\u00e7o.<\/p>\n","protected":false},"excerpt":{"rendered":"<p>Color Engine Monitor Combo (TSO&#8217;d)<\/p>\n","protected":false},"featured_media":2350,"comment_status":"open","ping_status":"closed","template":"","meta":[],"product_cat":[89],"product_tag":[],"brands":[{"id":158,"name":"EI","slug":"ei"}],"_links":{"self":[{"href":"https:\/\/aerotronic.com.br\/en\/wp-json\/wp\/v2\/product\/2349"}],"collection":[{"href":"https:\/\/aerotronic.com.br\/en\/wp-json\/wp\/v2\/product"}],"about":[{"href":"https:\/\/aerotronic.com.br\/en\/wp-json\/wp\/v2\/types\/product"}],"replies":[{"embeddable":true,"href":"https:\/\/aerotronic.com.br\/en\/wp-json\/wp\/v2\/comments?post=2349"}],"wp:featuredmedia":[{"embeddable":true,"href":"https:\/\/aerotronic.com.br\/en\/wp-json\/wp\/v2\/media\/2350"}],"wp:attachment":[{"href":"https:\/\/aerotronic.com.br\/en\/wp-json\/wp\/v2\/media?parent=2349"}],"wp:term":[{"taxonomy":"product_cat","embeddable":true,"href":"https:\/\/aerotronic.com.br\/en\/wp-json\/wp\/v2\/product_cat?post=2349"},{"taxonomy":"product_tag","embeddable":true,"href":"https:\/\/aerotronic.com.br\/en\/wp-json\/wp\/v2\/product_tag?post=2349"}],"curies":[{"name":"wp","href":"https:\/\/api.w.org\/{rel}","templated":true}]}}