{"id":2320,"date":"2019-05-21T12:44:48","date_gmt":"2019-05-21T15:44:48","guid":{"rendered":"http:\/\/192.168.15.3\/aerotronic.com.br\/pt\/?post_type=product&#038;p=2320"},"modified":"2019-07-27T20:35:42","modified_gmt":"2019-07-27T23:35:42","slug":"ack-technologies-a-30-5","status":"publish","type":"product","link":"https:\/\/aerotronic.com.br\/en\/loja\/encoders\/ack-technologies-a-30-5\/","title":{"rendered":"ACK Technologies A-30.5"},"content":{"rendered":"<p>MOD 5: -950 a 30.750 p\u00e9s com c\u00f3digo cinza Sa\u00edda.<\/p>\n","protected":false},"excerpt":{"rendered":"<p>Altitude Encoder (30K)<\/p>\n","protected":false},"featured_media":2321,"comment_status":"open","ping_status":"closed","template":"","meta":[],"product_cat":[88],"product_tag":[],"brands":[{"id":120,"name":"ACK","slug":"ack"}],"_links":{"self":[{"href":"https:\/\/aerotronic.com.br\/en\/wp-json\/wp\/v2\/product\/2320"}],"collection":[{"href":"https:\/\/aerotronic.com.br\/en\/wp-json\/wp\/v2\/product"}],"about":[{"href":"https:\/\/aerotronic.com.br\/en\/wp-json\/wp\/v2\/types\/product"}],"replies":[{"embeddable":true,"href":"https:\/\/aerotronic.com.br\/en\/wp-json\/wp\/v2\/comments?post=2320"}],"wp:featuredmedia":[{"embeddable":true,"href":"https:\/\/aerotronic.com.br\/en\/wp-json\/wp\/v2\/media\/2321"}],"wp:attachment":[{"href":"https:\/\/aerotronic.com.br\/en\/wp-json\/wp\/v2\/media?parent=2320"}],"wp:term":[{"taxonomy":"product_cat","embeddable":true,"href":"https:\/\/aerotronic.com.br\/en\/wp-json\/wp\/v2\/product_cat?post=2320"},{"taxonomy":"product_tag","embeddable":true,"href":"https:\/\/aerotronic.com.br\/en\/wp-json\/wp\/v2\/product_tag?post=2320"}],"curies":[{"name":"wp","href":"https:\/\/api.w.org\/{rel}","templated":true}]}}