{"id":2318,"date":"2019-05-21T12:42:32","date_gmt":"2019-05-21T15:42:32","guid":{"rendered":"http:\/\/192.168.15.3\/aerotronic.com.br\/pt\/?post_type=product&#038;p=2318"},"modified":"2019-07-27T20:44:50","modified_gmt":"2019-07-27T23:44:50","slug":"trans-cal-industries-ssd120-30n-rs232-nano","status":"publish","type":"product","link":"https:\/\/aerotronic.com.br\/en\/loja\/encoders\/trans-cal-industries-ssd120-30n-rs232-nano\/","title":{"rendered":"Trans-Cal Industries SSD120-30N RS232 NANO"},"content":{"rendered":"<p><span>Faixa de altitude de -1000 a + 30.000 p\u00e9s.\u00a0<\/span><br \/>\n<span>O SSD120-30N-RS232 fornece um meio robusto e confi\u00e1vel de medir a press\u00e3o do ar e converter essa medi\u00e7\u00e3o nos dados paralelos da ICAO para transmiss\u00e3o de press\u00e3o de altitude.\u00a0Essas unidades tamb\u00e9m fornecem dados de altitude em duas sa\u00eddas RS232 ass\u00edncronas.\u00a0O protocolo de dados seriais \u00e9 selecion\u00e1vel individualmente para cada sa\u00edda e \u00e9 comumente usado para fornecer dados de altitude de press\u00e3o para GPS, pilotos autom\u00e1ticos, transponders e outros dispositivos de navega\u00e7\u00e3o.\u00a0<\/span><br \/>\n<span>A resolu\u00e7\u00e3o dos dados de altitude serial pode ser definida para 100 p\u00e9s ou 10 p\u00e9s.\u00a0Um protocolo de dados que oferece resolu\u00e7\u00e3o de um p\u00e9 est\u00e1 dispon\u00edvel, assim como um protocolo que oferece dados de altitude em metros.<\/span><br \/>\n<span>Este dispositivo est\u00e1 dispon\u00edvel em uma variedade de configura\u00e7\u00f5es com base na altitude de opera\u00e7\u00e3o, faixa de temperatura e formatos de dados necess\u00e1rios.<\/span><\/p>\n","protected":false},"excerpt":{"rendered":"<p>Solid State Altitude Encoder To 30K Ft. W\/RS232 Port<\/p>\n","protected":false},"featured_media":2319,"comment_status":"open","ping_status":"closed","template":"","meta":[],"product_cat":[88],"product_tag":[],"brands":[{"id":208,"name":"Transcal","slug":"transcal"}],"_links":{"self":[{"href":"https:\/\/aerotronic.com.br\/en\/wp-json\/wp\/v2\/product\/2318"}],"collection":[{"href":"https:\/\/aerotronic.com.br\/en\/wp-json\/wp\/v2\/product"}],"about":[{"href":"https:\/\/aerotronic.com.br\/en\/wp-json\/wp\/v2\/types\/product"}],"replies":[{"embeddable":true,"href":"https:\/\/aerotronic.com.br\/en\/wp-json\/wp\/v2\/comments?post=2318"}],"wp:featuredmedia":[{"embeddable":true,"href":"https:\/\/aerotronic.com.br\/en\/wp-json\/wp\/v2\/media\/2319"}],"wp:attachment":[{"href":"https:\/\/aerotronic.com.br\/en\/wp-json\/wp\/v2\/media?parent=2318"}],"wp:term":[{"taxonomy":"product_cat","embeddable":true,"href":"https:\/\/aerotronic.com.br\/en\/wp-json\/wp\/v2\/product_cat?post=2318"},{"taxonomy":"product_tag","embeddable":true,"href":"https:\/\/aerotronic.com.br\/en\/wp-json\/wp\/v2\/product_tag?post=2318"}],"curies":[{"name":"wp","href":"https:\/\/api.w.org\/{rel}","templated":true}]}}