{"id":2314,"date":"2019-05-21T12:37:17","date_gmt":"2019-05-21T15:37:17","guid":{"rendered":"http:\/\/192.168.15.3\/aerotronic.com.br\/pt\/?post_type=product&#038;p=2314"},"modified":"2019-07-27T20:44:51","modified_gmt":"2019-07-27T23:44:51","slug":"trans-cal-industries-ssd120-35c-rs232","status":"publish","type":"product","link":"https:\/\/aerotronic.com.br\/en\/loja\/encoders\/trans-cal-industries-ssd120-35c-rs232\/","title":{"rendered":"Trans-Cal Industries SSD120-35C-RS232"},"content":{"rendered":"<p><span>O SSD120-35C-RS232 \u00e9 um digitalizador de altitude robusto e confi\u00e1vel para aplica\u00e7\u00f5es em que tamanho, peso e economia s\u00e3o cr\u00edticos.\u00a0Este codificador mede com precis\u00e3o a press\u00e3o do ar e converte esta medi\u00e7\u00e3o nos dados paralelos da ICAO, conforme estabelecido no Padr\u00e3o Internacional para Transmiss\u00e3o de Altitude de Press\u00e3o.<\/span><br \/>\n<span>Incorporando uma porta de c\u00f3digo cinza ICAO e duas sa\u00eddas de dados de altitude RS232, este codificador \u00e9 uma adi\u00e7\u00e3o simples e robusta a qualquer instala\u00e7\u00e3o avi\u00f4nica que exija informa\u00e7\u00f5es de altitude de press\u00e3o para v\u00e1rios sistemas de aeronaves.<\/span><br \/>\n<span>O protocolo de dados seriais \u00e9 comumente usado para fornecer dados de altitude de press\u00e3o para ADS-B, GPS, pilotos autom\u00e1ticos, transponders e outros dispositivos de navega\u00e7\u00e3o.\u00a0Seis protocolos de dados seriais est\u00e3o dispon\u00edveis.\u00a0O protocolo de dados \u00e9 selecionado atrav\u00e9s de shunts internos ou via configura\u00e7\u00e3o de software.<\/span><\/p>\n","protected":false},"excerpt":{"rendered":"<p>Altitude Digitizer W\/RS232 Outputs (35K)<\/p>\n","protected":false},"featured_media":2315,"comment_status":"open","ping_status":"closed","template":"","meta":[],"product_cat":[88],"product_tag":[],"brands":[{"id":208,"name":"Transcal","slug":"transcal"}],"_links":{"self":[{"href":"https:\/\/aerotronic.com.br\/en\/wp-json\/wp\/v2\/product\/2314"}],"collection":[{"href":"https:\/\/aerotronic.com.br\/en\/wp-json\/wp\/v2\/product"}],"about":[{"href":"https:\/\/aerotronic.com.br\/en\/wp-json\/wp\/v2\/types\/product"}],"replies":[{"embeddable":true,"href":"https:\/\/aerotronic.com.br\/en\/wp-json\/wp\/v2\/comments?post=2314"}],"wp:featuredmedia":[{"embeddable":true,"href":"https:\/\/aerotronic.com.br\/en\/wp-json\/wp\/v2\/media\/2315"}],"wp:attachment":[{"href":"https:\/\/aerotronic.com.br\/en\/wp-json\/wp\/v2\/media?parent=2314"}],"wp:term":[{"taxonomy":"product_cat","embeddable":true,"href":"https:\/\/aerotronic.com.br\/en\/wp-json\/wp\/v2\/product_cat?post=2314"},{"taxonomy":"product_tag","embeddable":true,"href":"https:\/\/aerotronic.com.br\/en\/wp-json\/wp\/v2\/product_tag?post=2314"}],"curies":[{"name":"wp","href":"https:\/\/api.w.org\/{rel}","templated":true}]}}