{"id":2297,"date":"2019-05-21T12:18:41","date_gmt":"2019-05-21T15:18:41","guid":{"rendered":"http:\/\/192.168.15.3\/aerotronic.com.br\/pt\/?post_type=product&#038;p=2297"},"modified":"2019-07-27T20:36:24","modified_gmt":"2019-07-27T23:36:24","slug":"acr-electronics-resqlink-400-plb-400","status":"publish","type":"product","link":"https:\/\/aerotronic.com.br\/en\/loja\/elts\/acr-electronics-resqlink-400-plb-400\/","title":{"rendered":"ACR Electronics ResQLink 400 PLB-400"},"content":{"rendered":"<p><span>Pequeno mas resiliente, o ResQLink 400 foi projetado e testado profissionalmente para garantir que ele possa suportar at\u00e9 mesmo os elementos mais severos.\u00a0Este flutuante localizador pessoal n\u00e3o requer assinatura para uso e pode ser utilizado para aumentar sua seguran\u00e7a em uma ampla variedade de ambientes.\u00a0Seja em terra, no mar ou no ar, confie na precis\u00e3o do sat\u00e9lite ResQLink e na durabilidade militar, colocando o resgate na palma de suas m\u00e3os.<\/span><br \/>\n<span>Com tr\u00eas n\u00edveis de tecnologia de sinal integrado &#8211; posicionamento GPS, um poderoso sinal de 406 MHz e capacidade de homing de 121,5 MHz &#8211; o ResQLink 400 retransmite sua posi\u00e7\u00e3o com rapidez e precis\u00e3o para uma rede mundial de sat\u00e9lites de busca e salvamento.\u00a0Al\u00e9m disso, um strobe integrado e um estrobo infravermelho facilitam a noite, ou outros resgates de baixa visibilidade.<\/span><br \/>\n<span>Onde quer que sua aventura o leve, seja uma viagem aos picos mais altos das montanhas, o terreno mais inexplorado ou o mais vasto dos oceanos, tenha a certeza de que o ResQLink 400 sempre se ativa facilmente.\u00a0Basta implantar a antena, pressione o bot\u00e3o ON, e o farol far\u00e1 o resto por voc\u00ea, sem esfor\u00e7o, orientando os socorristas a 100 metros ou menos de sua posi\u00e7\u00e3o.<\/span><br \/>\n<span>Devido a elementos de design inovadores, clipes multifuncionais podem ser usados \u200b\u200bem conjunto com o beacon, oferecendo diversas op\u00e7\u00f5es de uso que abordam uma variedade de aplica\u00e7\u00f5es de uso.\u00a0A maior facilidade de incorporar o ResQLink 400 em sua pessoa, ou com seu equipamento, apenas tornou todas as suas aventuras n\u00e3o apenas mais seguras, mas tamb\u00e9m mais convenientes.<\/span><br \/>\n<span>Como l\u00edder em produtos que salvam vidas, tanto para uso profissional quanto para uso recreativo, a ACR oferece seguran\u00e7a e tranquilidade incompar\u00e1veis \u200b\u200bcom o ResQLink 400 Personal Locator Beacon.<\/span><\/p>\n","protected":false},"excerpt":{"rendered":"<p>Buoyant Personal Locator Beacon Without Digital Display<\/p>\n","protected":false},"featured_media":2301,"comment_status":"open","ping_status":"closed","template":"","meta":[],"product_cat":[87],"product_tag":[],"brands":[{"id":121,"name":"ACR","slug":"acr"}],"_links":{"self":[{"href":"https:\/\/aerotronic.com.br\/en\/wp-json\/wp\/v2\/product\/2297"}],"collection":[{"href":"https:\/\/aerotronic.com.br\/en\/wp-json\/wp\/v2\/product"}],"about":[{"href":"https:\/\/aerotronic.com.br\/en\/wp-json\/wp\/v2\/types\/product"}],"replies":[{"embeddable":true,"href":"https:\/\/aerotronic.com.br\/en\/wp-json\/wp\/v2\/comments?post=2297"}],"wp:featuredmedia":[{"embeddable":true,"href":"https:\/\/aerotronic.com.br\/en\/wp-json\/wp\/v2\/media\/2301"}],"wp:attachment":[{"href":"https:\/\/aerotronic.com.br\/en\/wp-json\/wp\/v2\/media?parent=2297"}],"wp:term":[{"taxonomy":"product_cat","embeddable":true,"href":"https:\/\/aerotronic.com.br\/en\/wp-json\/wp\/v2\/product_cat?post=2297"},{"taxonomy":"product_tag","embeddable":true,"href":"https:\/\/aerotronic.com.br\/en\/wp-json\/wp\/v2\/product_tag?post=2297"}],"curies":[{"name":"wp","href":"https:\/\/api.w.org\/{rel}","templated":true}]}}