{"id":2288,"date":"2019-05-21T12:10:17","date_gmt":"2019-05-21T15:10:17","guid":{"rendered":"http:\/\/192.168.15.3\/aerotronic.com.br\/pt\/?post_type=product&#038;p=2288"},"modified":"2019-07-27T20:36:49","modified_gmt":"2019-07-27T23:36:49","slug":"artex-elt-1000","status":"publish","type":"product","link":"https:\/\/aerotronic.com.br\/en\/loja\/elts\/artex-elt-1000\/","title":{"rendered":"Artex ELT 1000"},"content":{"rendered":"<p>O ARTEX ELT 1000 \u00e9 uma atualiza\u00e7\u00e3o econ\u00f4mica para transmissores padr\u00e3o de 121,5 MHz, que n\u00e3o s\u00e3o mais monitorados pelo sistema Cospas-Sarsat. O transmissor de 406 MHz produz uma posi\u00e7\u00e3o muito mais precisa, normalmente 3 km, em compara\u00e7\u00e3o com 15 a 20 quil\u00f4metros para transmissores de 121,5 MHz.\u00a0Quando acoplado ao sistema de navega\u00e7\u00e3o da aeronave atrav\u00e9s de uma interface de navega\u00e7\u00e3o, a precis\u00e3o do ELT 1000 melhora para aproximadamente 100 metros.<br \/>\nPor ser um ELT de sa\u00edda \u00fanica, o ELT 1000 utiliza a mesma sa\u00edda de RF e apenas um cabo coaxial para transmitir um sinal de emerg\u00eancia de 406 MHz para os sat\u00e9lites Cospas-Sarsat e um sinal de retorno local 121.5.\u00a0Com sua nova interface de navega\u00e7\u00e3o integrada que n\u00e3o requer pot\u00eancia de avi\u00e3o para operar, o custo da instala\u00e7\u00e3o \u00e9 bastante reduzido.<br \/>\nA nova interface de 2 fios \u00e9 compat\u00edvel com os mais antigos ELTs de 121,5 MHz, por isso a atualiza\u00e7\u00e3o do seu ELT \u00e9 simples e acess\u00edvel.<\/p>\n","protected":false},"excerpt":{"rendered":"<p>Emergency Locator Transmitter (ELT)<\/p>\n","protected":false},"featured_media":2289,"comment_status":"open","ping_status":"closed","template":"","meta":[],"product_cat":[87],"product_tag":[],"brands":[{"id":132,"name":"Artex","slug":"artex"}],"_links":{"self":[{"href":"https:\/\/aerotronic.com.br\/en\/wp-json\/wp\/v2\/product\/2288"}],"collection":[{"href":"https:\/\/aerotronic.com.br\/en\/wp-json\/wp\/v2\/product"}],"about":[{"href":"https:\/\/aerotronic.com.br\/en\/wp-json\/wp\/v2\/types\/product"}],"replies":[{"embeddable":true,"href":"https:\/\/aerotronic.com.br\/en\/wp-json\/wp\/v2\/comments?post=2288"}],"wp:featuredmedia":[{"embeddable":true,"href":"https:\/\/aerotronic.com.br\/en\/wp-json\/wp\/v2\/media\/2289"}],"wp:attachment":[{"href":"https:\/\/aerotronic.com.br\/en\/wp-json\/wp\/v2\/media?parent=2288"}],"wp:term":[{"taxonomy":"product_cat","embeddable":true,"href":"https:\/\/aerotronic.com.br\/en\/wp-json\/wp\/v2\/product_cat?post=2288"},{"taxonomy":"product_tag","embeddable":true,"href":"https:\/\/aerotronic.com.br\/en\/wp-json\/wp\/v2\/product_tag?post=2288"}],"curies":[{"name":"wp","href":"https:\/\/api.w.org\/{rel}","templated":true}]}}