{"id":2286,"date":"2019-05-21T12:06:54","date_gmt":"2019-05-21T15:06:54","guid":{"rendered":"http:\/\/192.168.15.3\/aerotronic.com.br\/pt\/?post_type=product&#038;p=2286"},"modified":"2019-07-27T20:42:16","modified_gmt":"2019-07-27T23:42:16","slug":"mcmurdo-fast-find-220","status":"publish","type":"product","link":"https:\/\/aerotronic.com.br\/en\/loja\/elts\/mcmurdo-fast-find-220\/","title":{"rendered":"McMurdo FAST FIND 220"},"content":{"rendered":"<p>FAST FIND 220 PLB \u00e9 um farol salva-vidas com bolsa de flutua\u00e7\u00e3o inclu\u00eddo, projetado para entusiastas e aventureiros marinhos.<br \/>\nO FAST FIND 220 PLB utiliza tecnologia avan\u00e7ada em uma unidade simples, leve e do tamanho da palma da m\u00e3o.\u00a0Usando a frequ\u00eancia dedicada de 406MHz, o Fast Find 220 transmite sua identifica\u00e7\u00e3o exclusiva e localiza\u00e7\u00e3o precisa do GPS para a rede global de sat\u00e9lites de busca e salvamento.\u00a0Em poucos minutos, os socorristas s\u00e3o alertados sobre sua situa\u00e7\u00e3o e recebem atualiza\u00e7\u00f5es regulares de posi\u00e7\u00e3o.\u00a0Finalmente, os servi\u00e7os de emerg\u00eancia podem se concentrar em sua transmiss\u00e3o de 121,5 MHz para encontrar voc\u00ea.<br \/>\nExplore o mundo com paz de esp\u00edrito.\u00a0Se voc\u00ea se encontrar em uma \u00e1rea remota sem qualquer outra forma de comunica\u00e7\u00e3o, ativar seu FAST FIND 220 solicitar\u00e1 assist\u00eancia de emerg\u00eancia.<br \/>\nO 220 \u00e9 sem assinatura e n\u00e3o depende de call centers comerciais.<br \/>\nPor favor, entre em contato conosco para confirmar a disponibilidade.\u00a0McMurdo est\u00e1 atualmente no processo de altera\u00e7\u00e3o do n\u00famero de pe\u00e7a do Fastfind 220 e pode haver atrasos durante a transi\u00e7\u00e3o<\/p>\n","protected":false},"excerpt":{"rendered":"<p>Personal Location Beacon<\/p>\n","protected":false},"featured_media":2287,"comment_status":"open","ping_status":"closed","template":"","meta":[],"product_cat":[87],"product_tag":[],"brands":[{"id":178,"name":"McMurdo","slug":"mcmurdo"}],"_links":{"self":[{"href":"https:\/\/aerotronic.com.br\/en\/wp-json\/wp\/v2\/product\/2286"}],"collection":[{"href":"https:\/\/aerotronic.com.br\/en\/wp-json\/wp\/v2\/product"}],"about":[{"href":"https:\/\/aerotronic.com.br\/en\/wp-json\/wp\/v2\/types\/product"}],"replies":[{"embeddable":true,"href":"https:\/\/aerotronic.com.br\/en\/wp-json\/wp\/v2\/comments?post=2286"}],"wp:featuredmedia":[{"embeddable":true,"href":"https:\/\/aerotronic.com.br\/en\/wp-json\/wp\/v2\/media\/2287"}],"wp:attachment":[{"href":"https:\/\/aerotronic.com.br\/en\/wp-json\/wp\/v2\/media?parent=2286"}],"wp:term":[{"taxonomy":"product_cat","embeddable":true,"href":"https:\/\/aerotronic.com.br\/en\/wp-json\/wp\/v2\/product_cat?post=2286"},{"taxonomy":"product_tag","embeddable":true,"href":"https:\/\/aerotronic.com.br\/en\/wp-json\/wp\/v2\/product_tag?post=2286"}],"curies":[{"name":"wp","href":"https:\/\/api.w.org\/{rel}","templated":true}]}}