{"id":2276,"date":"2019-05-21T11:55:08","date_gmt":"2019-05-21T14:55:08","guid":{"rendered":"http:\/\/192.168.15.3\/aerotronic.com.br\/pt\/?post_type=product&#038;p=2276"},"modified":"2019-07-27T20:37:33","modified_gmt":"2019-07-27T23:37:33","slug":"aspen-avionics-efd1000c3-pro-pfd","status":"publish","type":"product","link":"https:\/\/aerotronic.com.br\/en\/loja\/efis-glass-cockpit\/aspen-avionics-efd1000c3-pro-pfd\/","title":{"rendered":"Aspen Avionics EFD1000C3 PRO PFD"},"content":{"rendered":"<p><span>O PFD EFD1000C3 Pro atende aos n\u00edveis de garantia de software N\u00edvel B exigidos para aeronaves FAR Parte 23 Classe III.\u00a0O aumento da seguran\u00e7a, confiabilidade e funcionalidade do sistema Aspen est\u00e3o agora dispon\u00edveis para operadores de aeronaves de pist\u00e3o e turbina entre 6.000 e 12.500 libras.\u00a0O sistema Evolution \u00e9 a solu\u00e7\u00e3o digital mais acess\u00edvel e flex\u00edvel para propriet\u00e1rios e operadores que desejam atualizar aeronaves maiores, geralmente baseadas na frota, para um painel de vidro.<\/span><br \/>\n<span>O EFD1000C3 Pro PFD oferece todas as ferramentas que voc\u00ea precisa para voar com seguran\u00e7a e facilidade nas condi\u00e7\u00f5es do instrumento, a um pre\u00e7o revolucion\u00e1rio.\u00a0<\/span><br \/>\n<span>Constru\u00eddo sobre uma robusta plataforma de tecnologia de estado s\u00f3lido, o EFD1000C3 Pro PFD possui recursos como a Dire\u00e7\u00e3o GPS integrada, HSI digital com ponteiros de rolamento duplo e mapa m\u00f3vel.\u00a0A Aspen tamb\u00e9m est\u00e1 oferecendo pacotes Evolution que incluem MFDs (Multi-fun\u00e7\u00e3o Flight Displays) com o PFD.\u00a0O EFD1000 MFD e o 500 MFD suportam recursos de reconhecimento de perigos, como clima, tr\u00e1fego e Stormscope, bem como gr\u00e1ficos e diagramas de aeroportos georreferenciados.\u00a0O 1000 MFD tamb\u00e9m inclui sensores ADAHRS totalmente redundantes.\u00a0No caso de falha do PFD, um simples toque no bot\u00e3o REV converte o 1000 MFD em um PFD totalmente funcional.<\/span><br \/>\n<span>O sistema Evolution \u00e9 a sua solu\u00e7\u00e3o para aumentar a seguran\u00e7a, melhorar a confiabilidade e reduzir a carga de trabalho do piloto.\u00a0Um dos principais benef\u00edcios para os propriet\u00e1rios e operadores de frotas \u00e9 a liberdade dos custos recorrentes de revis\u00e3o de girosc\u00f3pios mec\u00e2nicos antigos, reduzindo as despesas operacionais gerais.<\/span><\/p>\n<h3><span>Facilidade de instala\u00e7\u00e3o<\/span><\/h3>\n<p><span>Os visores de v\u00f4o Evolution s\u00e3o um sistema modular inovador que desliza para dentro dos orif\u00edcios existentes de instrumentos de 3 polegadas em qualquer painel de instrumentos.\u00a0Um suporte universal fornece f\u00e1cil montagem na superf\u00edcie.\u00a0O sistema pode opcionalmente ser embutido.\u00a0Este sistema exclusivo reduz drasticamente o tempo e custo de instala\u00e7\u00e3o.<\/span><br \/>\n<span>A plataforma modular Evolution permite f\u00e1cil expans\u00e3o.\u00a0Os monitores integrados s\u00e3o montados lado a lado em uma, duas e tr\u00eas configura\u00e7\u00f5es de exibi\u00e7\u00e3o para flexibilidade e capacidade de atualiza\u00e7\u00e3o supremas.<\/span><\/p>\n","protected":false},"excerpt":{"rendered":"<p>Evolution Flight Display For CLASS III \/ Level B<\/p>\n","protected":false},"featured_media":2277,"comment_status":"open","ping_status":"closed","template":"","meta":[],"product_cat":[86],"product_tag":[],"brands":[{"id":133,"name":"Aspen Avionics","slug":"aspen-avionics"}],"_links":{"self":[{"href":"https:\/\/aerotronic.com.br\/en\/wp-json\/wp\/v2\/product\/2276"}],"collection":[{"href":"https:\/\/aerotronic.com.br\/en\/wp-json\/wp\/v2\/product"}],"about":[{"href":"https:\/\/aerotronic.com.br\/en\/wp-json\/wp\/v2\/types\/product"}],"replies":[{"embeddable":true,"href":"https:\/\/aerotronic.com.br\/en\/wp-json\/wp\/v2\/comments?post=2276"}],"wp:featuredmedia":[{"embeddable":true,"href":"https:\/\/aerotronic.com.br\/en\/wp-json\/wp\/v2\/media\/2277"}],"wp:attachment":[{"href":"https:\/\/aerotronic.com.br\/en\/wp-json\/wp\/v2\/media?parent=2276"}],"wp:term":[{"taxonomy":"product_cat","embeddable":true,"href":"https:\/\/aerotronic.com.br\/en\/wp-json\/wp\/v2\/product_cat?post=2276"},{"taxonomy":"product_tag","embeddable":true,"href":"https:\/\/aerotronic.com.br\/en\/wp-json\/wp\/v2\/product_tag?post=2276"}],"curies":[{"name":"wp","href":"https:\/\/api.w.org\/{rel}","templated":true}]}}