{"id":2266,"date":"2019-05-21T11:44:05","date_gmt":"2019-05-21T14:44:05","guid":{"rendered":"http:\/\/192.168.15.3\/aerotronic.com.br\/pt\/?post_type=product&#038;p=2266"},"modified":"2019-07-27T20:37:32","modified_gmt":"2019-07-27T23:37:32","slug":"aspen-avionics-efd1000-vfr-pfd","status":"publish","type":"product","link":"https:\/\/aerotronic.com.br\/en\/loja\/efis-glass-cockpit\/aspen-avionics-efd1000-vfr-pfd\/","title":{"rendered":"Aspen Avionics EFD1000 VFR PFD"},"content":{"rendered":"<p>O revolucion\u00e1rio Evolution 1000 VFR PFD (Primary Flight Display) \u00e9 o Sistema de Instrumento de Voo Eletr\u00f4nico (EFIS) mais acess\u00edvel, atualiz\u00e1vel e f\u00e1cil de instalar dispon\u00edvel para aeronaves de avia\u00e7\u00e3o geral atualmente.<br \/>\nProjetado para substituir instrumentos de v\u00f4o prim\u00e1rios mec\u00e2nicos tradicionais, o VFR PFD aumenta a consci\u00eancia situacional e a seguran\u00e7a em um design flex\u00edvel que \u00e9 facilmente atualizado para atender \u00e0s suas necessidades de voo em evolu\u00e7\u00e3o.\u00a0O inovador Evolution Series VFR PFD \u00e9 instalado facilmente em furos existentes no painel de seis unidades, sem adicionar caixas remotas e fia\u00e7\u00e3o pesadas.<\/p>\n","protected":false},"excerpt":{"rendered":"<p>Electronic Flight Instrument System (EFIS)<\/p>\n","protected":false},"featured_media":2267,"comment_status":"open","ping_status":"closed","template":"","meta":[],"product_cat":[86],"product_tag":[],"brands":[{"id":133,"name":"Aspen Avionics","slug":"aspen-avionics"}],"_links":{"self":[{"href":"https:\/\/aerotronic.com.br\/en\/wp-json\/wp\/v2\/product\/2266"}],"collection":[{"href":"https:\/\/aerotronic.com.br\/en\/wp-json\/wp\/v2\/product"}],"about":[{"href":"https:\/\/aerotronic.com.br\/en\/wp-json\/wp\/v2\/types\/product"}],"replies":[{"embeddable":true,"href":"https:\/\/aerotronic.com.br\/en\/wp-json\/wp\/v2\/comments?post=2266"}],"wp:featuredmedia":[{"embeddable":true,"href":"https:\/\/aerotronic.com.br\/en\/wp-json\/wp\/v2\/media\/2267"}],"wp:attachment":[{"href":"https:\/\/aerotronic.com.br\/en\/wp-json\/wp\/v2\/media?parent=2266"}],"wp:term":[{"taxonomy":"product_cat","embeddable":true,"href":"https:\/\/aerotronic.com.br\/en\/wp-json\/wp\/v2\/product_cat?post=2266"},{"taxonomy":"product_tag","embeddable":true,"href":"https:\/\/aerotronic.com.br\/en\/wp-json\/wp\/v2\/product_tag?post=2266"}],"curies":[{"name":"wp","href":"https:\/\/api.w.org\/{rel}","templated":true}]}}