{"id":2258,"date":"2019-05-21T11:37:36","date_gmt":"2019-05-21T14:37:36","guid":{"rendered":"http:\/\/192.168.15.3\/aerotronic.com.br\/pt\/?post_type=product&#038;p=2258"},"modified":"2019-07-27T20:37:36","modified_gmt":"2019-07-27T23:37:36","slug":"aspen-avionics-evolution-synthetic-vision-pfd","status":"publish","type":"product","link":"https:\/\/aerotronic.com.br\/en\/loja\/efis-glass-cockpit\/aspen-avionics-evolution-synthetic-vision-pfd\/","title":{"rendered":"Aspen Avionics EVOLUTION SYNTHETIC VISION (PFD)"},"content":{"rendered":"<p><span>O Evolution Synthetic Vision, ou\u00a0<\/span><i><span>ESV<\/span><\/i><span>\u00a0, \u00e9 uma atualiza\u00e7\u00e3o de software carreg\u00e1vel em campo para o Evolution Flight Display System.\u00a0Quando selecionada na tela de v\u00f4o, a ESV substitui o tradicional fundo azul-sobre-marrom do indicador de atitude legado por uma vis\u00e3o 3D em tempo real, gerada por computador, do terreno, obst\u00e1culos e tr\u00e1fego ** para o m\u00e1ximo em consci\u00eancia situacional do piloto.\u00a0O ESV usa tr\u00eas e nove dados de terreno com resolu\u00e7\u00e3o de arco-segundo para fornecer uma representa\u00e7\u00e3o n\u00edtida e clara do terreno.<\/span><br \/>\n<span>Exclusivo para a Vis\u00e3o Sint\u00e9tica de Evolu\u00e7\u00e3o \u00e9 a capacidade de personalizar o layout de exibi\u00e7\u00e3o para se adequar \u00e0s prefer\u00eancias individuais, incluindo a flexibilidade de alternar diferentes\u00a0<\/span><i><span>campos de vis\u00e3o<\/span><\/i><span>\u00a0, estreitos ou amplos, para melhor atender \u00e0 fase de voo.\u00a0O amplo campo de vis\u00e3o \u00e9 adequado para a rota, enquanto o campo de vis\u00e3o estreito \u00e9 o melhor para ampliar o ambiente de aproxima\u00e7\u00e3o.\u00a0O Evolution Synthetic Vision tamb\u00e9m pode ser exibido em qualquer uma das configura\u00e7\u00f5es de janela dispon\u00edveis &#8211; tela cheia, tela dividida ou layouts de miniatura &#8211; e no visor de voo principal, no visor de voo multifuncional ou em ambos.<\/span><br \/>\n<span>O ESV da Aspen tamb\u00e9m possui um\u00a0<\/span><i><span>Terrain Warning System (TWS)<\/span><\/i><span>\u00a0embutido\u00a0.\u00a0Combinando o uso da colora\u00e7\u00e3o do terreno com vis\u00e3o sint\u00e9tica, colora\u00e7\u00e3o do marcador de trajet\u00f3ria de v\u00f4o, avisos de advert\u00eancia e aviso de texto e um sinal de alerta de \u00e1udio do terreno, o Sistema de Alerta do Terreno alerta o piloto quando o conflito de terreno ou obst\u00e1culo \u00e9 iminente.\u00a0Para opera\u00e7\u00f5es na \u00e1rea do terminal, o TWS emprega l\u00f3gica de alerta inteligente que suprime os alertas de proximidade do terreno esperados e normais durante esta fase do voo, minimizando o alerta de inc\u00f4modo e aumentando ainda mais a seguran\u00e7a e reduzindo a carga de trabalho do piloto durante as fases cr\u00edticas de v\u00f4o.<\/span><br \/>\n<span>O Evolution Synthetic Vision inclui todos os recursos que os operadores de aeronaves esperam de sistemas de vis\u00e3o sint\u00e9tica, incluindo terreno 3D e obst\u00e1culos, orienta\u00e7\u00e3o de atitude incomum, linha de dist\u00e2ncia e marcador de alcance, exibi\u00e7\u00e3o din\u00e2mica de tr\u00e1fego em 3D, marcador de rota de voo e simbologia de diretor de v\u00f4o.\u00a0Esses elementos de exibi\u00e7\u00e3o s\u00e3o todos projetados para interagir dinamicamente e intuitivamente para dar ao piloto a percep\u00e7\u00e3o posicional e situacional mais precisa.<\/span><br \/>\n<label><span>OBSERVA\u00c7\u00d5ES: O<\/span><\/label><span>\u00a0TR\u00c1FEGO EST\u00c1 DISPON\u00cdVEL QUANDO CONFIGURADO COM A OP\u00c7\u00c3O EVIDENCE HAZARD AWARENESS (EHA) DA ASPEN.<\/span><\/p>\n","protected":false},"excerpt":{"rendered":"<p>Synthetic Vision Upgrade For Aspen Evolution Flight Displays<\/p>\n","protected":false},"featured_media":2259,"comment_status":"open","ping_status":"closed","template":"","meta":[],"product_cat":[86],"product_tag":[],"brands":[{"id":133,"name":"Aspen Avionics","slug":"aspen-avionics"}],"_links":{"self":[{"href":"https:\/\/aerotronic.com.br\/en\/wp-json\/wp\/v2\/product\/2258"}],"collection":[{"href":"https:\/\/aerotronic.com.br\/en\/wp-json\/wp\/v2\/product"}],"about":[{"href":"https:\/\/aerotronic.com.br\/en\/wp-json\/wp\/v2\/types\/product"}],"replies":[{"embeddable":true,"href":"https:\/\/aerotronic.com.br\/en\/wp-json\/wp\/v2\/comments?post=2258"}],"wp:featuredmedia":[{"embeddable":true,"href":"https:\/\/aerotronic.com.br\/en\/wp-json\/wp\/v2\/media\/2259"}],"wp:attachment":[{"href":"https:\/\/aerotronic.com.br\/en\/wp-json\/wp\/v2\/media?parent=2258"}],"wp:term":[{"taxonomy":"product_cat","embeddable":true,"href":"https:\/\/aerotronic.com.br\/en\/wp-json\/wp\/v2\/product_cat?post=2258"},{"taxonomy":"product_tag","embeddable":true,"href":"https:\/\/aerotronic.com.br\/en\/wp-json\/wp\/v2\/product_tag?post=2258"}],"curies":[{"name":"wp","href":"https:\/\/api.w.org\/{rel}","templated":true}]}}