{"id":2256,"date":"2019-05-21T11:27:22","date_gmt":"2019-05-21T14:27:22","guid":{"rendered":"http:\/\/192.168.15.3\/aerotronic.com.br\/pt\/?post_type=product&#038;p=2256"},"modified":"2019-07-27T20:37:34","modified_gmt":"2019-07-27T23:37:34","slug":"aspen-avionics-evolution-pro-plus-safety-package","status":"publish","type":"product","link":"https:\/\/aerotronic.com.br\/en\/loja\/efis-glass-cockpit\/aspen-avionics-evolution-pro-plus-safety-package\/","title":{"rendered":"Aspen Avionics Evolution Pro Plus Safety Package"},"content":{"rendered":"<p><span>O Evolution Pro Plus est\u00e1 dispon\u00edvel como uma unidade aut\u00f4noma ou como uma atualiza\u00e7\u00e3o apenas por software para os monitores de voos prim\u00e1rios do Evolution existentes.<\/span><\/p>\n<h3><span>Vis\u00e3o Sint\u00e9tica de Evolu\u00e7\u00e3o<\/span><\/h3>\n<ul class=\"circleul\">\n<li><span>Apresenta uma visualiza\u00e7\u00e3o em 3D em tempo real do terreno, obst\u00e1culos e tr\u00e1fego *<\/span><\/li>\n<li><span>O Sistema de Alerta de Terreno Integrado combina a colora\u00e7\u00e3o de marcador de caminho de terreno e v\u00f4o, texto de advert\u00eancia e advert\u00eancia e um sinal de aviso de \u00e1udio &#8211; um sistema de alerta din\u00e2mico para mant\u00ea-lo seguro em todas as fases do v\u00f4o<\/span><\/li>\n<li><span>Prote\u00e7\u00e3o de &#8220;ver e evitar&#8221; em tempo integral &#8211; a ativa\u00e7\u00e3o do recurso do TWS permite que alertas sejam exibidos mesmo quando a vis\u00e3o de vis\u00e3o sint\u00e9tica n\u00e3o est\u00e1 selecionada<\/span><\/li>\n<li><span>Exibir ESV em um PFD, MFD ou simultaneamente em ambos<\/span><\/li>\n<li><span>Os layouts de tela configur\u00e1veis \u200b\u200bpelo usu\u00e1rio permitem especificar quais telas exibem o ESV<\/span><\/li>\n<li><span>Melhor valor em tecnologia de vis\u00e3o sint\u00e9tica<\/span><\/li>\n<\/ul>\n<h3><span>Indicador de \u00c2ngulo de Evolu\u00e7\u00e3o do Ataque<\/span><\/h3>\n<ul class=\"circleul\">\n<li><span>Fornece uma exibi\u00e7\u00e3o visual da tend\u00eancia AOA e do elevador dispon\u00edvel aproximado simultaneamente em todas as fases do v\u00f4o<\/span><\/li>\n<li><span>Tecnologia exclusiva com patente pendente para o Aspen Evolution<\/span><\/li>\n<li><span>Calcula AOA a partir dos dados do envelope de voo recebidos do AHRS, do computador de dados a\u00e9reos e de um GPS certificado<\/span><\/li>\n<li><span>Exibe a aeronave AOA para flaps para cima e abaixa as configura\u00e7\u00f5es da aeronave em um \u00fanico indicador<\/span><\/li>\n<li><span>Exibir no Aspen PFD ou no MFD<\/span><\/li>\n<li><span>N\u00e3o requer sensores adicionais, hardware externo ou cabeamento extra para instala\u00e7\u00e3o<\/span><\/li>\n<\/ul>\n","protected":false},"excerpt":{"rendered":"<p>PFD W\/Synthetic Vision &#038; Angle Of Attack (AOA) Indicator<\/p>\n","protected":false},"featured_media":2257,"comment_status":"open","ping_status":"closed","template":"","meta":[],"product_cat":[86],"product_tag":[],"brands":[{"id":133,"name":"Aspen Avionics","slug":"aspen-avionics"}],"_links":{"self":[{"href":"https:\/\/aerotronic.com.br\/en\/wp-json\/wp\/v2\/product\/2256"}],"collection":[{"href":"https:\/\/aerotronic.com.br\/en\/wp-json\/wp\/v2\/product"}],"about":[{"href":"https:\/\/aerotronic.com.br\/en\/wp-json\/wp\/v2\/types\/product"}],"replies":[{"embeddable":true,"href":"https:\/\/aerotronic.com.br\/en\/wp-json\/wp\/v2\/comments?post=2256"}],"wp:featuredmedia":[{"embeddable":true,"href":"https:\/\/aerotronic.com.br\/en\/wp-json\/wp\/v2\/media\/2257"}],"wp:attachment":[{"href":"https:\/\/aerotronic.com.br\/en\/wp-json\/wp\/v2\/media?parent=2256"}],"wp:term":[{"taxonomy":"product_cat","embeddable":true,"href":"https:\/\/aerotronic.com.br\/en\/wp-json\/wp\/v2\/product_cat?post=2256"},{"taxonomy":"product_tag","embeddable":true,"href":"https:\/\/aerotronic.com.br\/en\/wp-json\/wp\/v2\/product_tag?post=2256"}],"curies":[{"name":"wp","href":"https:\/\/api.w.org\/{rel}","templated":true}]}}