{"id":2248,"date":"2019-05-21T11:22:04","date_gmt":"2019-05-21T14:22:04","guid":{"rendered":"http:\/\/192.168.15.3\/aerotronic.com.br\/pt\/?post_type=product&#038;p=2248"},"modified":"2019-07-29T12:09:29","modified_gmt":"2019-07-29T15:09:29","slug":"aspen-avionics-efd1000-pro-pfd","status":"publish","type":"product","link":"https:\/\/aerotronic.com.br\/en\/loja\/efis-glass-cockpit\/aspen-avionics-efd1000-pro-pfd\/","title":{"rendered":"Aspen Avionics EFD1000 PRO PFD"},"content":{"rendered":"<p>O EFD1000 Pro PFD oferece todas as principais ferramentas que ajudam pilotos profissionais a voar com seguran\u00e7a e facilidade em condi\u00e7\u00f5es de instrumentos, a um pre\u00e7o revolucion\u00e1rio.\u00a0O Pro tem todos os mesmos recursos excelentes que o PFD piloto &#8211; ADAHRS integral, bateria de backup, GPS de emerg\u00eancia, alerte de altitude &#8211; e muito mais.<br \/>\nO Indicador de Situa\u00e7\u00e3o Horizontal (HSI) integra um ponteiro de curso e indicador de desvio de curso (CDI) em sua rosa b\u00fassola escrava, e acrescenta dois ponteiros de rolamento que voc\u00ea pode definir para qualquer waypoint VOR ou GPS, para maior consci\u00eancia situacional (e fazendo arcos DME brisa para voar!\u00a0Informa\u00e7\u00f5es de texto sobre seu waypoint ativo est\u00e3o bem na sua frente.<br \/>\nO modo Arco \u00e9 ideal para o segmento em rota, mostrando sua pr\u00f3pria embarca\u00e7\u00e3o na parte inferior da tela, as pernas do plano de v\u00f4o \u00e0 sua frente e as ajudas de navega\u00e7\u00e3o e os aeroportos pr\u00f3ximos ao seu redor em um mapa em movimento.\u00a0Com o software opcional, voc\u00ea pode at\u00e9 mesmo sobrepor elementos gr\u00e1ficos e tr\u00e1fego meteorol\u00f3gico do datalink no mapa.<br \/>\nO Indicador de Atitude Diretor (ADI) mostra a mesma atitude precisa com as fitas de velocidade e altitude do que o piloto, e acrescenta mais.\u00a0No modo de aproxima\u00e7\u00e3o, voc\u00ea ter\u00e1 indicadores de desvio lateral e vertical, junto com seus m\u00ednimos de aproxima\u00e7\u00e3o, bem ali na ADI para uma varredura precisa durante esta fase cr\u00edtica de v\u00f4o.\u00a0Voc\u00ea receber\u00e1 um alerta quando atingir os m\u00ednimos barom\u00e9tricos e um indicador DH acender\u00e1 nos m\u00ednimos de AGL (quando conectado a um alt\u00edmetro de radar).<br \/>\nO Pro se une \u00e0 maioria dos pilotos autom\u00e1ticos e diretores de v\u00f4o GA, atrav\u00e9s da sua Unidade de Conversor Anal\u00f3gico (ACU) inclu\u00edda.\u00a0Uma fun\u00e7\u00e3o integral de Dire\u00e7\u00e3o GPS (GPSS) pode conduzir seu piloto autom\u00e1tico no modo HDG atrav\u00e9s da maioria das pernas e mudan\u00e7as de rota do GPS, e mesmo ao longo de rotas de v\u00f4o curvas (como revers\u00f5es de percurso e padr\u00f5es de espera) quando conectado a um navegador WAAS GPS apropriado.\u00a0Se o seu piloto autom\u00e1tico suportar um diretor de voo, mas o seu indicador de atitude atual n\u00e3o, o Pro lhe dar\u00e1 um diretor de voo de pista \u00fanica que tornar\u00e1 sua m\u00e3o ainda mais f\u00e1cil, mais precisa e segura.\u00a0O Pro oferece todos os recursos que um piloto de instrumento s\u00e9rio precisa em seus instrumentos principais.<\/p>\n<h2>Facilidade De Instala\u00e7\u00e3o<\/h2>\n<p>Os visores de v\u00f4o Evolution s\u00e3o um sistema modular inovador que desliza para dentro dos orif\u00edcios existentes de instrumentos de 3 polegadas em qualquer painel de instrumentos.\u00a0Um suporte universal fornece f\u00e1cil montagem na superf\u00edcie.\u00a0O sistema pode opcionalmente ser embutido.\u00a0Este sistema exclusivo reduz drasticamente o tempo e custo de instala\u00e7\u00e3o.<br \/>\nA plataforma modular Evolution permite f\u00e1cil expans\u00e3o.\u00a0Os monitores integrados s\u00e3o montados lado a lado em uma, duas e tr\u00eas configura\u00e7\u00f5es de exibi\u00e7\u00e3o para flexibilidade e capacidade de atualiza\u00e7\u00e3o supremas.<\/p>\n","protected":false},"excerpt":{"rendered":"<p>Evolution Flight Display<br \/>\nPor um tempo limitado, a Aspen reduziu o pre\u00e7o do legado EFD1000 Pro PFD para apenas US $ 7.995 (US $ 3.000 fora da lista).\u00a0Al\u00e9m disso, os novos clientes poder\u00e3o atualizar para o MAX a um pre\u00e7o com desconto de US $ 1.995 a qualquer momento antes de mar\u00e7o de 2020. Uma nova garantia de dois anos se aplica com a atualiza\u00e7\u00e3o do MAX.<br \/>\nAl\u00e9m disso, durante o m\u00eas de maio, a Aspen est\u00e1 oferecendo um desbloqueio gratuito com a compra de um novo PFD EFD1000 Pro.\u00a0Sua escolha de Vis\u00e3o Sint\u00e9tica, habilita\u00e7\u00e3o ADS-B ou Percep\u00e7\u00e3o de Perigo.<\/p>\n","protected":false},"featured_media":2250,"comment_status":"open","ping_status":"closed","template":"","meta":[],"product_cat":[86],"product_tag":[],"brands":[{"id":133,"name":"Aspen Avionics","slug":"aspen-avionics"}],"_links":{"self":[{"href":"https:\/\/aerotronic.com.br\/en\/wp-json\/wp\/v2\/product\/2248"}],"collection":[{"href":"https:\/\/aerotronic.com.br\/en\/wp-json\/wp\/v2\/product"}],"about":[{"href":"https:\/\/aerotronic.com.br\/en\/wp-json\/wp\/v2\/types\/product"}],"replies":[{"embeddable":true,"href":"https:\/\/aerotronic.com.br\/en\/wp-json\/wp\/v2\/comments?post=2248"}],"wp:featuredmedia":[{"embeddable":true,"href":"https:\/\/aerotronic.com.br\/en\/wp-json\/wp\/v2\/media\/2250"}],"wp:attachment":[{"href":"https:\/\/aerotronic.com.br\/en\/wp-json\/wp\/v2\/media?parent=2248"}],"wp:term":[{"taxonomy":"product_cat","embeddable":true,"href":"https:\/\/aerotronic.com.br\/en\/wp-json\/wp\/v2\/product_cat?post=2248"},{"taxonomy":"product_tag","embeddable":true,"href":"https:\/\/aerotronic.com.br\/en\/wp-json\/wp\/v2\/product_tag?post=2248"}],"curies":[{"name":"wp","href":"https:\/\/api.w.org\/{rel}","templated":true}]}}