{"id":2231,"date":"2019-05-21T10:42:04","date_gmt":"2019-05-21T13:42:04","guid":{"rendered":"http:\/\/192.168.15.3\/aerotronic.com.br\/pt\/?post_type=product&#038;p=2231"},"modified":"2019-07-27T20:27:45","modified_gmt":"2019-07-27T23:27:45","slug":"garmin-ifr-package-3-w-g5","status":"publish","type":"product","link":"https:\/\/aerotronic.com.br\/en\/loja\/venda-online\/garmin-ifr-package-3-w-g5\/","title":{"rendered":"Garmin IFR PACKAGE 3 W\/G5"},"content":{"rendered":"<h3><span>Equipamentos inclu\u00eddos neste pacote:<\/span><\/h3>\n<ul class=\"circleul\">\n<li><span>Painel de \u00e1udio Garmin GMA 345 com conectividade Bluetooth e porta de carregamento USB<\/span><\/li>\n<li><span>Garmin GTN 750 GPS Touchscreen \/ Nav \/ Com &#8211; IFR a caminho e aproxima\u00e7\u00e3o de precis\u00e3o WAAS GPS com r\u00e1dio Com e VOR com glideslope<\/span><\/li>\n<li><span>Garmin GTX 345 All-in-one ADS-B Transponder<\/span><\/li>\n<li><span>Instrumento de Voo Eletr\u00f4nico Garmin G5 &#8211; HSI com vers\u00e3o de interface Nav GPS (inclui GMU 11 e GAD 29B)<\/span><\/li>\n<li><span>Garmin GAE 12 Altitude Encoder<\/span><\/li>\n<li><span>Instalar kits para itens acima<\/span><\/li>\n<\/ul>\n","protected":false},"excerpt":{"rendered":"<p>Advanced IFR Package For Light Singles &#038; Twins<\/p>\n","protected":false},"featured_media":2232,"comment_status":"open","ping_status":"closed","template":"","meta":[],"product_cat":[85,49],"product_tag":[],"brands":[{"id":166,"name":"Garmin","slug":"garmin"}],"_links":{"self":[{"href":"https:\/\/aerotronic.com.br\/en\/wp-json\/wp\/v2\/product\/2231"}],"collection":[{"href":"https:\/\/aerotronic.com.br\/en\/wp-json\/wp\/v2\/product"}],"about":[{"href":"https:\/\/aerotronic.com.br\/en\/wp-json\/wp\/v2\/types\/product"}],"replies":[{"embeddable":true,"href":"https:\/\/aerotronic.com.br\/en\/wp-json\/wp\/v2\/comments?post=2231"}],"wp:featuredmedia":[{"embeddable":true,"href":"https:\/\/aerotronic.com.br\/en\/wp-json\/wp\/v2\/media\/2232"}],"wp:attachment":[{"href":"https:\/\/aerotronic.com.br\/en\/wp-json\/wp\/v2\/media?parent=2231"}],"wp:term":[{"taxonomy":"product_cat","embeddable":true,"href":"https:\/\/aerotronic.com.br\/en\/wp-json\/wp\/v2\/product_cat?post=2231"},{"taxonomy":"product_tag","embeddable":true,"href":"https:\/\/aerotronic.com.br\/en\/wp-json\/wp\/v2\/product_tag?post=2231"}],"curies":[{"name":"wp","href":"https:\/\/api.w.org\/{rel}","templated":true}]}}