{"id":2221,"date":"2019-05-21T10:28:40","date_gmt":"2019-05-21T13:28:40","guid":{"rendered":"http:\/\/192.168.15.3\/aerotronic.com.br\/pt\/?post_type=product&#038;p=2221"},"modified":"2019-07-27T20:27:48","modified_gmt":"2019-07-27T23:27:48","slug":"garmin-ifr-package-2","status":"publish","type":"product","link":"https:\/\/aerotronic.com.br\/en\/loja\/venda-online\/garmin-ifr-package-2\/","title":{"rendered":"Garmin IFR PACKAGE 2"},"content":{"rendered":"<h3><span>Equipamentos inclu\u00eddos neste pacote:<\/span><\/h3>\n<ul class=\"circleul\">\n<li><span>Painel de \u00e1udio Garmin GMA 345 com conectividade Bluetooth e porta de carregamento USB<\/span><\/li>\n<li><span>GPS Garmin GTN 650 Touchscreen \/ Nav \/ Com &#8211; IFR rota e aproxima\u00e7\u00e3o de precis\u00e3o GPS WAAS com r\u00e1dio Com e VOR com glideslope<\/span><\/li>\n<li><span>Garmin GTX 345 All-in-one ADS-B Transponder<\/span><\/li>\n<li><span>Indicadores Garmin GI 106B IFR GPS \/ VOR \/ LOC com Glideslope<\/span><\/li>\n<li><span>Garmin GAE 12 Altitude Encoder<\/span><\/li>\n<li><span>Instalar kits para itens acima<\/span><\/li>\n<\/ul>\n","protected":false},"excerpt":{"rendered":"<p>Basic IFR Package For Light Singles &#038; Twins<\/p>\n","protected":false},"featured_media":2222,"comment_status":"open","ping_status":"closed","template":"","meta":[],"product_cat":[85,49],"product_tag":[],"brands":[{"id":166,"name":"Garmin","slug":"garmin"}],"_links":{"self":[{"href":"https:\/\/aerotronic.com.br\/en\/wp-json\/wp\/v2\/product\/2221"}],"collection":[{"href":"https:\/\/aerotronic.com.br\/en\/wp-json\/wp\/v2\/product"}],"about":[{"href":"https:\/\/aerotronic.com.br\/en\/wp-json\/wp\/v2\/types\/product"}],"replies":[{"embeddable":true,"href":"https:\/\/aerotronic.com.br\/en\/wp-json\/wp\/v2\/comments?post=2221"}],"wp:featuredmedia":[{"embeddable":true,"href":"https:\/\/aerotronic.com.br\/en\/wp-json\/wp\/v2\/media\/2222"}],"wp:attachment":[{"href":"https:\/\/aerotronic.com.br\/en\/wp-json\/wp\/v2\/media?parent=2221"}],"wp:term":[{"taxonomy":"product_cat","embeddable":true,"href":"https:\/\/aerotronic.com.br\/en\/wp-json\/wp\/v2\/product_cat?post=2221"},{"taxonomy":"product_tag","embeddable":true,"href":"https:\/\/aerotronic.com.br\/en\/wp-json\/wp\/v2\/product_tag?post=2221"}],"curies":[{"name":"wp","href":"https:\/\/api.w.org\/{rel}","templated":true}]}}