{"id":2217,"date":"2019-05-21T10:20:30","date_gmt":"2019-05-21T13:20:30","guid":{"rendered":"http:\/\/192.168.15.3\/aerotronic.com.br\/pt\/?post_type=product&#038;p=2217"},"modified":"2019-07-27T20:27:50","modified_gmt":"2019-07-27T23:27:50","slug":"garmin-ifr-package-1","status":"publish","type":"product","link":"https:\/\/aerotronic.com.br\/en\/loja\/discount-packages\/garmin-ifr-package-1\/","title":{"rendered":"Garmin IFR PACKAGE 1"},"content":{"rendered":"<p>O pre\u00e7o \u00e9 apenas para o equipamento e n\u00e3o inclui a instala\u00e7\u00e3o.<\/p>\n","protected":false},"excerpt":{"rendered":"<p>Light IFR Trainer Package<\/p>\n","protected":false},"featured_media":2218,"comment_status":"open","ping_status":"closed","template":"","meta":[],"product_cat":[85],"product_tag":[],"brands":[{"id":166,"name":"Garmin","slug":"garmin"}],"_links":{"self":[{"href":"https:\/\/aerotronic.com.br\/en\/wp-json\/wp\/v2\/product\/2217"}],"collection":[{"href":"https:\/\/aerotronic.com.br\/en\/wp-json\/wp\/v2\/product"}],"about":[{"href":"https:\/\/aerotronic.com.br\/en\/wp-json\/wp\/v2\/types\/product"}],"replies":[{"embeddable":true,"href":"https:\/\/aerotronic.com.br\/en\/wp-json\/wp\/v2\/comments?post=2217"}],"wp:featuredmedia":[{"embeddable":true,"href":"https:\/\/aerotronic.com.br\/en\/wp-json\/wp\/v2\/media\/2218"}],"wp:attachment":[{"href":"https:\/\/aerotronic.com.br\/en\/wp-json\/wp\/v2\/media?parent=2217"}],"wp:term":[{"taxonomy":"product_cat","embeddable":true,"href":"https:\/\/aerotronic.com.br\/en\/wp-json\/wp\/v2\/product_cat?post=2217"},{"taxonomy":"product_tag","embeddable":true,"href":"https:\/\/aerotronic.com.br\/en\/wp-json\/wp\/v2\/product_tag?post=2217"}],"curies":[{"name":"wp","href":"https:\/\/api.w.org\/{rel}","templated":true}]}}