{"id":2207,"date":"2019-05-20T17:44:09","date_gmt":"2019-05-20T20:44:09","guid":{"rendered":"http:\/\/192.168.15.3\/aerotronic.com.br\/pt\/?post_type=product&#038;p=2207"},"modified":"2019-07-28T14:34:43","modified_gmt":"2019-07-28T17:34:43","slug":"garmin-gtr-225b","status":"publish","type":"product","link":"https:\/\/aerotronic.com.br\/en\/loja\/coms\/garmin-gtr-225b\/","title":{"rendered":"Garmin GTR 225B"},"content":{"rendered":"<p>Deixe o vers\u00e1til r\u00e1dio GTR 225 Comm reduzir a quantidade de trabalho que voc\u00ea faz no cockpit.\u00a0O GTR 225 n\u00e3o apenas atende \u00e0s necessidades b\u00e1sicas da maioria dos pilotos &#8211; incluindo aderir aos novos requisitos de espa\u00e7o a\u00e9reo na Europa &#8211; como tamb\u00e9m apresenta v\u00e1rios recursos avan\u00e7ados que economizam seu tempo e esfor\u00e7o.<\/p>\n<h3>Escolha sua instala\u00e7\u00e3o<\/h3>\n<p>O GTR 225 est\u00e1 dispon\u00edvel em 3 vers\u00f5es para atender \u00e0s suas necessidades.\u00a0Dois desses modelos est\u00e3o dispon\u00edveis com espa\u00e7amento de canal de frequ\u00eancia de 25 kHz e espa\u00e7amento de canal de 8,33 kHz para cumprir o mandato iminente do C\u00e9u \u00danico Europeu que todas as aeronaves na Europa precisar\u00e3o operar at\u00e9 2018. Ele tamb\u00e9m est\u00e1 dispon\u00edvel com transmissor de 10 W ou 16 W sa\u00edda, permitindo encontrar o equil\u00edbrio certo de pot\u00eancia e pre\u00e7o.\u00a0Todas as 3 vers\u00f5es incluem um intercomunicador de 2 lugares, ideal para aeronaves de 2 lugares;\u00a0nenhum hardware adicional \u00e9 necess\u00e1rio para se comunicar com seu passageiro.\u00a0Al\u00e9m disso, a capacidade de flip-flop de frequ\u00eancia remota pode ajudar em ambientes operacionais exigentes, como helic\u00f3pteros, permitindo que os pilotos mantenham suas m\u00e3os nos controles.<\/p>\n<h3>Reduza sua carga de trabalho<\/h3>\n<p>Al\u00e9m dos recursos tradicionais do Comm, o GTR 225 incorpora v\u00e1rias fun\u00e7\u00f5es que podem economizar tempo e esfor\u00e7o.\u00a0Forne\u00e7a ao GTR 225 um identificador de aeroporto e ele encontrar\u00e1 automaticamente sua frequ\u00eancia (e vice-versa) gra\u00e7as a um banco de dados embutido e atualiz\u00e1vel.\u00a0Armazene e recupere facilmente as freq\u00fc\u00eancias mais usadas ou utilizadas mais recentemente por um nome atribu\u00eddo usando a mem\u00f3ria interna do dispositivo.\u00a0Quando instalado com uma fonte de GPS compat\u00edvel, como nossos avi\u00f4nicos da s\u00e9rie GTN ou GNS, voc\u00ea pode ver o nome e o tipo da instala\u00e7\u00e3o quando sintonizado em uma esta\u00e7\u00e3o v\u00e1lida.<\/p>\n<h3>Nunca perca uma transmiss\u00e3o<\/h3>\n<p>Com o seu recurso de monitoramento de freq\u00fc\u00eancia em standby, o GTR 225 oferece a capacidade de ouvir o ATIS enquanto monitora o ATC.\u00a0Trocando suas freq\u00fc\u00eancias ativa e de espera \u00e9 feito com um simples toque de um bot\u00e3o.\u00a0Voc\u00ea n\u00e3o precisar\u00e1 mais se preocupar em perder uma chamada ATC ou outra transmiss\u00e3o cr\u00edtica.\u00a0Voc\u00ea tamb\u00e9m pode usar o temporizador integrado para auxiliar nas aproxima\u00e7\u00f5es, reten\u00e7\u00f5es e outras manobras atribu\u00eddas.<\/p>\n","protected":false},"excerpt":{"rendered":"<p>Panel-Mount Comm (16-Watt)<\/p>\n","protected":false},"featured_media":2205,"comment_status":"open","ping_status":"closed","template":"","meta":[],"product_cat":[80],"product_tag":[],"brands":[{"id":166,"name":"Garmin","slug":"garmin"}],"_links":{"self":[{"href":"https:\/\/aerotronic.com.br\/en\/wp-json\/wp\/v2\/product\/2207"}],"collection":[{"href":"https:\/\/aerotronic.com.br\/en\/wp-json\/wp\/v2\/product"}],"about":[{"href":"https:\/\/aerotronic.com.br\/en\/wp-json\/wp\/v2\/types\/product"}],"replies":[{"embeddable":true,"href":"https:\/\/aerotronic.com.br\/en\/wp-json\/wp\/v2\/comments?post=2207"}],"wp:featuredmedia":[{"embeddable":true,"href":"https:\/\/aerotronic.com.br\/en\/wp-json\/wp\/v2\/media\/2205"}],"wp:attachment":[{"href":"https:\/\/aerotronic.com.br\/en\/wp-json\/wp\/v2\/media?parent=2207"}],"wp:term":[{"taxonomy":"product_cat","embeddable":true,"href":"https:\/\/aerotronic.com.br\/en\/wp-json\/wp\/v2\/product_cat?post=2207"},{"taxonomy":"product_tag","embeddable":true,"href":"https:\/\/aerotronic.com.br\/en\/wp-json\/wp\/v2\/product_tag?post=2207"}],"curies":[{"name":"wp","href":"https:\/\/api.w.org\/{rel}","templated":true}]}}