{"id":2191,"date":"2019-05-20T16:51:58","date_gmt":"2019-05-20T19:51:58","guid":{"rendered":"http:\/\/192.168.15.3\/aerotronic.com.br\/pt\/?post_type=product&#038;p=2191"},"modified":"2019-07-27T20:41:25","modified_gmt":"2019-07-27T23:41:25","slug":"genesys-aerosystems-mod-kit-3100","status":"publish","type":"product","link":"https:\/\/aerotronic.com.br\/en\/loja\/autopilots\/genesys-aerosystems-mod-kit-3100\/","title":{"rendered":"Genesys Aerosystems Mod Kit 3100"},"content":{"rendered":"<p>Negocie o seu piloto autom\u00e1tico S-TEC \/ Genesys e atualize para o novo S-TEC 3100 a um pre\u00e7o com desconto!\u00a0O pre\u00e7o de upgrade depende do que est\u00e1 atualmente instalado na aeronave, portanto, entre em contato com nosso departamento de vendas para obter uma cota\u00e7\u00e3o.<br \/>\nO S-TEC 3100 \u00e9 um piloto autom\u00e1tico cheio de recursos e baseado em atitude que oferece uma lista de recursos de redu\u00e7\u00e3o de carga de trabalho e de seguran\u00e7a que anteriormente n\u00e3o estavam dispon\u00edveis em pilotos autom\u00e1ticos de p\u00f3s-venda.\u00a0Compat\u00edvel com fontes digitais avan\u00e7adas e monitores EFIS da Garmin, Aspen e outros, o S-TEC 3100 oferece recursos e benef\u00edcios inigual\u00e1veis:<\/p>\n<ul class=\"circleul\">\n<li>Controle de voo preciso e digital para cada fase do voo<\/li>\n<li>2 eixos (op\u00e7\u00e3o de 3 eixos em alguns modelos)<\/li>\n<li>Guarni\u00e7\u00e3o autom\u00e1tica inclu\u00edda<\/li>\n<li>Prote\u00e7\u00e3o de envelope \/ alerta<\/li>\n<li>Recupera\u00e7\u00e3o direta e nivelada<\/li>\n<li>Abordagens de Precis\u00e3o \/ Abordagens Perdidas<\/li>\n<li>Seguran\u00e7a indicada na velocidade aerodin\u00e2mica<\/li>\n<li>Pr\u00e9-sele\u00e7\u00e3o de altitude<\/li>\n<li>E muito mais!<\/li>\n<\/ul>\n","protected":false},"excerpt":{"rendered":"<p>Upgrade To S-TEC 3100 Digital Flight Control System (DFCS)<\/p>\n","protected":false},"featured_media":2189,"comment_status":"open","ping_status":"closed","template":"","meta":[],"product_cat":[75],"product_tag":[],"brands":[{"id":167,"name":"Genesys","slug":"genesys"}],"_links":{"self":[{"href":"https:\/\/aerotronic.com.br\/en\/wp-json\/wp\/v2\/product\/2191"}],"collection":[{"href":"https:\/\/aerotronic.com.br\/en\/wp-json\/wp\/v2\/product"}],"about":[{"href":"https:\/\/aerotronic.com.br\/en\/wp-json\/wp\/v2\/types\/product"}],"replies":[{"embeddable":true,"href":"https:\/\/aerotronic.com.br\/en\/wp-json\/wp\/v2\/comments?post=2191"}],"wp:featuredmedia":[{"embeddable":true,"href":"https:\/\/aerotronic.com.br\/en\/wp-json\/wp\/v2\/media\/2189"}],"wp:attachment":[{"href":"https:\/\/aerotronic.com.br\/en\/wp-json\/wp\/v2\/media?parent=2191"}],"wp:term":[{"taxonomy":"product_cat","embeddable":true,"href":"https:\/\/aerotronic.com.br\/en\/wp-json\/wp\/v2\/product_cat?post=2191"},{"taxonomy":"product_tag","embeddable":true,"href":"https:\/\/aerotronic.com.br\/en\/wp-json\/wp\/v2\/product_tag?post=2191"}],"curies":[{"name":"wp","href":"https:\/\/api.w.org\/{rel}","templated":true}]}}