{"id":2149,"date":"2019-05-17T17:19:40","date_gmt":"2019-05-17T20:19:40","guid":{"rendered":"http:\/\/192.168.15.3\/aerotronic.com.br\/pt\/?post_type=product&#038;p=2149"},"modified":"2019-07-27T20:28:04","modified_gmt":"2019-07-27T23:28:04","slug":"garmin-gma-35c","status":"publish","type":"product","link":"https:\/\/aerotronic.com.br\/en\/loja\/audio-panels\/garmin-gma-35c\/","title":{"rendered":"Garmin GMA-35C"},"content":{"rendered":"<p>Projetado para uso com navegadores touchscreen da s\u00e9rie GTN 750, o processador de \u00e1udio remoto GMA 35 possui recursos de \u00faltima gera\u00e7\u00e3o, como silenciador autom\u00e1tico avan\u00e7ado e funcionalidade de grava\u00e7\u00e3o \/ reprodu\u00e7\u00e3o.<\/p>\n<h3>Simplifique as comunica\u00e7\u00f5es do cockpit<\/h3>\n<p>O GMA 35 se encaixa com seguran\u00e7a atr\u00e1s da sua s\u00e9rie GTN 750, deixando mais espa\u00e7o para os avi\u00f4nicos de tela grande.\u00a0Basta tocar no bot\u00e3o \u201cAudio Panel\u201d ou \u201cIntercom\u201d na tela para acessar esses controles.<\/p>\n<h3>Distribuir \u00e1udio com facilidade<\/h3>\n<p>A s\u00e9rie GTN 750 mostra graficamente quem est\u00e1 ligado e desligado, e oferece controle de volume independente para o piloto, copiloto e passageiros.\u00a0O GMA 35 possui 2 entradas de \u00e1udio de entretenimento est\u00e9reo dedicadas, para que os passageiros possam ouvir o r\u00e1dio via sat\u00e9lite da SiriusXM ou outras fontes de entretenimento enquanto voc\u00ea mant\u00e9m seu fone de ouvido sintonizado nas comunica\u00e7\u00f5es de r\u00e1dio.<\/p>\n<h3>Experimente Processamento Avan\u00e7ado<\/h3>\n<p>O sistema oferece 3 suporte COMM, bem como um modo COMM de divis\u00e3o flex\u00edvel que permite que o piloto e o co-piloto transmitam em COMMs separados.\u00a0Por exemplo, o piloto pode usar COMM 1 enquanto o co-piloto usa COMM 2, ou o piloto pode usar COMM 2 enquanto o co-piloto usa COMM 1.<br \/>\nO recurso de squelch autom\u00e1tico se adapta automaticamente a uma cabine silenciosa ou barulhenta, sem cortar palavras ou cortar no meio de frases.\u00a0Se voc\u00ea perder uma chamada de ATC ou atribui\u00e7\u00e3o de frequ\u00eancia, o gravador de voz digital autom\u00e1tico integrado captura os \u00faltimos 2,5 minutos de \u00e1udio para reprodu\u00e7\u00e3o.\u00a0O controle autom\u00e1tico de volume analisa o n\u00edvel de ru\u00eddo do ambiente e ajusta o n\u00edvel de volume do \u00e1udio no alto-falante da sua cabine, para que os alertas do sistema n\u00e3o sejam t\u00e3o altos quando voc\u00ea estiver no solo.<\/p>\n<h3>Aproveite as capacidades futuras<\/h3>\n<p>As s\u00e9ries GMA 35 e GTN 750 suportam futuras atualiza\u00e7\u00f5es de software que trar\u00e3o mais recursos de \u00e1udio de \u00faltima gera\u00e7\u00e3o para o seu cockpit.\u00a0Os recursos do Comando de Voz Telligence \u2122 opcionalmente permitem que voc\u00ea alterne entre COMs com o toque de um bot\u00e3o no controle de v\u00f4o da aeronave e dizendo \u201cCOMM 1\u201d ou \u201cCOMM 2\u201d (assim como outras fun\u00e7\u00f5es selecionadas).\u00a0Um recurso de \u00e1udio 3D exclusivo far\u00e1 com que pare\u00e7a que diferentes fontes de \u00e1udio est\u00e3o vindo de diferentes dire\u00e7\u00f5es ao seu redor, de modo que o discernimento entre elas se torna muito mais f\u00e1cil.<\/p>\n<h3>Conveni\u00eancia m\u00e3os-livres<\/h3>\n<p>A GMA 35c oferece toda a tecnologia do painel de \u00e1udio GMA 35 e adiciona a conveni\u00eancia da conectividade sem fio Bluetooth\u00ae com seus dispositivos port\u00e1teis m\u00f3veis e compat\u00edveis, para que voc\u00ea possa distribuir m\u00fasica ou \u00e1udio de telefone atrav\u00e9s do painel de \u00e1udio da sua aeronave sem fio.\u00a0E, com o VIRB\u00ae XE Aviation Bundle, o Bluetooth funciona no lugar de um cabo de \u00e1udio do fone de ouvido para sobrepor \u00e1udio do cockpit, como r\u00e1dio e interfone, em seu v\u00eddeo.<\/p>\n","protected":false},"excerpt":{"rendered":"<p>Remote-Mount Bluetooth Audio Panel<\/p>\n","protected":false},"featured_media":2150,"comment_status":"open","ping_status":"closed","template":"","meta":[],"product_cat":[74],"product_tag":[],"brands":[{"id":166,"name":"Garmin","slug":"garmin"}],"_links":{"self":[{"href":"https:\/\/aerotronic.com.br\/en\/wp-json\/wp\/v2\/product\/2149"}],"collection":[{"href":"https:\/\/aerotronic.com.br\/en\/wp-json\/wp\/v2\/product"}],"about":[{"href":"https:\/\/aerotronic.com.br\/en\/wp-json\/wp\/v2\/types\/product"}],"replies":[{"embeddable":true,"href":"https:\/\/aerotronic.com.br\/en\/wp-json\/wp\/v2\/comments?post=2149"}],"wp:featuredmedia":[{"embeddable":true,"href":"https:\/\/aerotronic.com.br\/en\/wp-json\/wp\/v2\/media\/2150"}],"wp:attachment":[{"href":"https:\/\/aerotronic.com.br\/en\/wp-json\/wp\/v2\/media?parent=2149"}],"wp:term":[{"taxonomy":"product_cat","embeddable":true,"href":"https:\/\/aerotronic.com.br\/en\/wp-json\/wp\/v2\/product_cat?post=2149"},{"taxonomy":"product_tag","embeddable":true,"href":"https:\/\/aerotronic.com.br\/en\/wp-json\/wp\/v2\/product_tag?post=2149"}],"curies":[{"name":"wp","href":"https:\/\/api.w.org\/{rel}","templated":true}]}}