{"id":2146,"date":"2019-05-17T17:14:29","date_gmt":"2019-05-17T20:14:29","guid":{"rendered":"http:\/\/192.168.15.3\/aerotronic.com.br\/pt\/?post_type=product&#038;p=2146"},"modified":"2019-07-27T20:42:46","modified_gmt":"2019-07-27T23:42:46","slug":"ps-engenharia-pma8000g","status":"publish","type":"product","link":"https:\/\/aerotronic.com.br\/en\/loja\/audio-panels\/ps-engenharia-pma8000g\/","title":{"rendered":"PS Engineering PMA8000G"},"content":{"rendered":"<p>O painel de \u00e1udio PMA8000G apresenta avan\u00e7os significativos na tecnologia de painel de \u00e1udio.\u00a0Ele vai se encaixar pilotos que esperam mais de seu painel de \u00e1udio, sem adicionar qualquer carga de trabalho adicional ou conjunto complexo de seq\u00fc\u00eancias de bot\u00e3o de press\u00e3o.\u00a0O PMA8000G \u00e9 uma escolha natural para pilotos que exigem facilidade de uso com um conjunto profundo de recursos de painel de \u00e1udio.<br \/>\nApresentamos o Flightmate\u00ae, o primeiro sistema a ser disponibilizado em um painel seletor de \u00e1udio.\u00a0O piloto pode criar listas de verifica\u00e7\u00e3o, procedimentos de emerg\u00eancia, qualquer coisa que o piloto possa dizer, eles podem armazenar em mem\u00f3ria n\u00e3o vol\u00e1til, facilitando um pouco as tarefas da lista de verifica\u00e7\u00e3o.<br \/>\nO IntelliAudio\u00ae \u00e9 outro recurso padr\u00e3o que torna a audi\u00e7\u00e3o de v\u00e1rias chamadas de r\u00e1dio gerenci\u00e1veis.\u00a0Com Com 1 na posi\u00e7\u00e3o das 10 horas e Com 2 na posi\u00e7\u00e3o das 2 horas, os pilotos podem prestar aten\u00e7\u00e3o ao r\u00e1dio que \u00e9 mais importante a qualquer momento.<br \/>\nA interconex\u00e3o Bluetooth\u00ae permite que o piloto tenha acesso ao telefone ou dispositivo de entretenimento habilitado para Bluetooth\u00ae.\u00a0A capacidade de entrar em contato com o ATC por meio do telefone com os motores em funcionamento e os r\u00e1dios sintonizados e colocados em um campo de pouso descontrolado facilita muito a entrada no ar sob a condi\u00e7\u00e3o IFR.<br \/>\nAnuncia\u00e7\u00f5es de alerta auricular podem ser programadas diretamente do painel frontal enquanto se usa o microfone do fone de ouvido do piloto para grav\u00e1-las.\u00a0Agora voc\u00ea pode levar at\u00e9 4 entradas discretas e t\u00ea-las associadas a mensagens pr\u00e9-gravadas, tornando mais f\u00e1cil determinar exatamente qual condi\u00e7\u00e3o precisa ser endere\u00e7ada.<br \/>\nA PS Engineering tamb\u00e9m incluiu uma porta de carregamento USB com taxa de 10 watts.\u00a0Este carregador fornece energia suficiente para iPads que executam o aplicativo mais exigente.<br \/>\nFinalmente, facilidade de uso.\u00a0A nova interface de usu\u00e1rio torna o acesso a fun\u00e7\u00f5es avan\u00e7adas muito mais f\u00e1cil do que na itera\u00e7\u00e3o anterior da s\u00e9rie PMA8000.<\/p>\n","protected":false},"excerpt":{"rendered":"<p>Painel Avan\u00e7ado De \u00c1udio De 6 Lugares Com Carregador USB E PS Streamer<\/p>\n","protected":false},"featured_media":2147,"comment_status":"open","ping_status":"closed","template":"","meta":[],"product_cat":[74],"product_tag":[],"brands":[{"id":186,"name":"PS Engineering","slug":"ps-engineering"}],"_links":{"self":[{"href":"https:\/\/aerotronic.com.br\/en\/wp-json\/wp\/v2\/product\/2146"}],"collection":[{"href":"https:\/\/aerotronic.com.br\/en\/wp-json\/wp\/v2\/product"}],"about":[{"href":"https:\/\/aerotronic.com.br\/en\/wp-json\/wp\/v2\/types\/product"}],"replies":[{"embeddable":true,"href":"https:\/\/aerotronic.com.br\/en\/wp-json\/wp\/v2\/comments?post=2146"}],"wp:featuredmedia":[{"embeddable":true,"href":"https:\/\/aerotronic.com.br\/en\/wp-json\/wp\/v2\/media\/2147"}],"wp:attachment":[{"href":"https:\/\/aerotronic.com.br\/en\/wp-json\/wp\/v2\/media?parent=2146"}],"wp:term":[{"taxonomy":"product_cat","embeddable":true,"href":"https:\/\/aerotronic.com.br\/en\/wp-json\/wp\/v2\/product_cat?post=2146"},{"taxonomy":"product_tag","embeddable":true,"href":"https:\/\/aerotronic.com.br\/en\/wp-json\/wp\/v2\/product_tag?post=2146"}],"curies":[{"name":"wp","href":"https:\/\/api.w.org\/{rel}","templated":true}]}}