{"id":2140,"date":"2019-05-17T17:09:19","date_gmt":"2019-05-17T20:09:19","guid":{"rendered":"http:\/\/192.168.15.3\/aerotronic.com.br\/pt\/?post_type=product&#038;p=2140"},"modified":"2019-07-27T20:28:05","modified_gmt":"2019-07-27T23:28:05","slug":"garmin-gma-345","status":"publish","type":"product","link":"https:\/\/aerotronic.com.br\/en\/loja\/audio-panels\/garmin-gma-345\/","title":{"rendered":"Garmin GMA-345"},"content":{"rendered":"<h3>Painel de \u00e1udio Bluetooth\u00ae para sua avi\u00f4nica certificada<\/h3>\n<ul class=\"circleul\">\n<li>A conectividade Bluetooth permite acesso f\u00e1cil a chamadas telef\u00f4nicas e entretenimento de \u00e1udio<\/li>\n<li>Utiliza tecnologia de ponta de \u00e1udio Garmin para som de qualidade &#8220;home theater&#8221; com bot\u00f5es dedicados de volume de m\u00fasica para piloto e copiloto<\/li>\n<li>O processamento de \u00e1udio 3D ajuda os pilotos a &#8220;localizar&#8221; entradas que chegam aos seus fones de ouvido<\/li>\n<li>Porta de carregamento USB fornece energia para smartphones, tablets, players de m\u00fasica e muito mais<\/li>\n<li>Oferece atualiza\u00e7\u00e3o de substitui\u00e7\u00e3o de slide para GMA 340 e selecione pain\u00e9is de \u00e1udio de terceiros<\/li>\n<\/ul>\n<p><img decoding=\"async\" loading=\"lazy\" class=\"img-responsive aligncenter wp-image-2141 size-full\" src=\"http:\/\/192.168.15.3\/aerotronic.com.br\/wp-content\/uploads\/2019\/05\/gma-345-hero.jpg\" alt=\"\" width=\"1400\" height=\"440\" srcset=\"https:\/\/aerotronic.com.br\/wp-content\/uploads\/2019\/05\/gma-345-hero.jpg 1400w, https:\/\/aerotronic.com.br\/wp-content\/uploads\/2019\/05\/gma-345-hero-300x94.jpg 300w, https:\/\/aerotronic.com.br\/wp-content\/uploads\/2019\/05\/gma-345-hero-768x241.jpg 768w, https:\/\/aerotronic.com.br\/wp-content\/uploads\/2019\/05\/gma-345-hero-1024x322.jpg 1024w, https:\/\/aerotronic.com.br\/wp-content\/uploads\/2019\/05\/gma-345-hero-600x189.jpg 600w\" sizes=\"(max-width: 1400px) 100vw, 1400px\" \/><br \/>\nProporcionando um som de qualidade rico em home theater e conectividade de \u00e1udio sem fio Bluetooth \u00e0 sua pilha de avi\u00f4nicos, o painel de \u00e1udio digital GMA 345 oferece uma experi\u00eancia de \u00e1udio superior a bordo a um pre\u00e7o acess\u00edvel.\u00a0Com processamento de som espacial 3D, uma porta de carregamento USB, receptor de sinalizador de marcador, Auto Squelch avan\u00e7ado, reprodu\u00e7\u00e3o de folgas e recursos impressionantes de mixagem e distribui\u00e7\u00e3o de \u00e1udio, esta unidade totalmente digital oferece a combina\u00e7\u00e3o ideal de recursos para pilotos que querem ouvir e fazer mais com menos esfor\u00e7o no cockpit.\u00a0Al\u00e9m disso, \u00e9 uma atualiza\u00e7\u00e3o f\u00e1cil de slides de pain\u00e9is de \u00e1udio de terceiros selecionados ou de unidades GMA 340 herdadas.<\/p>\n<h3>Conecte-se sem fio ao Bluetooth<\/h3>\n<p>A conectividade Bluetooth integrada facilita a pareamento sem fio de seu smartphone ou outro dispositivo compat\u00edvel com o sistema de \u00e1udio.\u00a0Assim, voc\u00ea pode fazer e receber chamadas no cockpit, bem como transmitir entretenimento de \u00e1udio por at\u00e9 seis posi\u00e7\u00f5es de fone de ouvido na aeronave.\u00a0A porta USB de 2.1 A na placa frontal da unidade ajuda a manter seus telefones e dispositivos m\u00f3veis carregados.\u00a0Al\u00e9m disso, o GMA 345 possui 2 conex\u00f5es de \u00e1udio traseiras dedicadas, permitindo que fontes hardwired &#8211; como o r\u00e1dio por sat\u00e9lite SiriusXM\u00ae ou outras entradas de m\u00fasica de alta fidelidade &#8211; sejam reproduzidas e distribu\u00eddas atrav\u00e9s do sistema de \u00e1udio.\u00a0Os efeitos de m\u00fasica tamb\u00e9m aumentam a rica experi\u00eancia de \u00e1udio fornecida pela GMA 345. Voc\u00ea pode selecionar n\u00edveis aprimorados de refor\u00e7o de graves, bem como efeitos de equaliza\u00e7\u00e3o que incluem perfis de \u00e1udio rock, cl\u00e1ssicos e pop.<\/p>\n<h3>Ou\u00e7a no Virtual 3-D<\/h3>\n<p>Para as suas comunica\u00e7\u00f5es de r\u00e1dio, o avan\u00e7ado processamento de som digital 3-D, introduzido pela primeira vez na avia\u00e7\u00e3o geral pela Garmin, permite que a GMA 345 se aproxime do modo como o ouvido humano normalmente ouve e registra v\u00e1rias fontes de \u00e1udio no espa\u00e7o.\u00a0Com fones de ouvido est\u00e9reo, o \u00e1udio de entrada \u00e9 espacialmente separado para refletir como diferentes fontes de \u00e1udio est\u00e3o vindo de diferentes dire\u00e7\u00f5es ao seu redor.\u00a0Isso torna mais f\u00e1cil distinguir uma fonte da outra &#8211; e ajuda voc\u00ea a se concentrar nas chamadas de maior prioridade que entram no fone de ouvido.\u00a0Por exemplo, o COMM 1 parecer\u00e1 que est\u00e1 vindo da esquerda enquanto o COMM 2 parecer\u00e1 estar vindo da direita.<\/p>\n<h3>Obter replay instant\u00e2neo em chamadas ATC e folgas<\/h3>\n<p>Um gravador de voz digital autom\u00e1tico no painel de \u00e1udio capta continuamente os \u00faltimos 60 segundos de entrada de \u00e1udio de comunica\u00e7\u00e3o ativo para reprodu\u00e7\u00e3o instant\u00e2nea mediante solicita\u00e7\u00e3o com um \u00fanico pressionamento de bot\u00e3o.\u00a0Qualquer piloto que j\u00e1 tenha perdido uma chamada do ATC, uma atribui\u00e7\u00e3o de frequ\u00eancias ou uma emenda de autoriza\u00e7\u00e3o apreciar\u00e1 o valor dessa pr\u00e1tica fun\u00e7\u00e3o de &#8220;dizer novamente&#8221;.<\/p>\n<h3>Experimente o processamento avan\u00e7ado de \u00e1udio<\/h3>\n<p>Em plena capacidade, o GMA 345 suporta dual comm, dual nav e v\u00e1rios receptores auxiliares &#8211; totalizando at\u00e9 7 r\u00e1dios.\u00a0H\u00e1 um intercomunicador VOX autom\u00e1tico de 6 posi\u00e7\u00f5es com 3 modos de isolamento.\u00a0E um modo de comunica\u00e7\u00e3o dividida permite que o piloto e o co-piloto transmitam em freq\u00fc\u00eancias independentes.\u00a0Por exemplo, o piloto pode usar COMM 1 enquanto o copiloto usa COMM 2.<br \/>\nPara aprimorar ainda mais a experi\u00eancia de \u00e1udio do cockpit, a avan\u00e7ada tecnologia Auto Squelch no GMA 345 se adapta automaticamente a um ambiente silencioso ou barulhento, sem cortar palavras ou cortar durante a conversa.\u00a0Um processador de sinal digital de alto desempenho monitora constantemente o n\u00edvel de ru\u00eddo ambiente e ajusta automaticamente o n\u00edvel de squelch necess\u00e1rio para manter a conversa\u00e7\u00e3o do intercomunicador t\u00e3o confort\u00e1vel e natural quanto poss\u00edvel &#8211; quer voc\u00ea esteja falando sobre o ru\u00eddo do motor em v\u00f4o ou passando tranquilamente pela sua lista de verifica\u00e7\u00e3o. ch\u00e3o.\u00a0A tecnologia Auto Squelch da unidade se ajusta automaticamente para essas varia\u00e7\u00f5es, permitindo que voc\u00ea fale em n\u00edveis normais, n\u00e3o importando quais sejam as condi\u00e7\u00f5es do som ambiente.<\/p>\n<h3>Capture o \u00e1udio do cockpit no seu v\u00eddeo<\/h3>\n<p>O GMA 345 pode emparelhar via Bluetooth com a s\u00e9rie VIRB Ultra 30 de c\u00e2meras de a\u00e7\u00e3o HD &#8211; permitindo que voc\u00ea sobreponha \u00e1udio intercom e comunica\u00e7\u00f5es ATC no v\u00eddeo HD em v\u00f4o que voc\u00ea est\u00e1 gravando.\u00a0Como n\u00e3o \u00e9 necess\u00e1rio o cabo de \u00e1udio do fone de ouvido, sua c\u00e2mera de a\u00e7\u00e3o VIRB est\u00e1 livre para se mover pela cabine, para que voc\u00ea possa fotografar do melhor \u00e2ngulo poss\u00edvel.<\/p>\n<h3>F\u00e1cil instala\u00e7\u00e3o \/ atualiza\u00e7\u00e3o<\/h3>\n<p>A atualiza\u00e7\u00e3o da experi\u00eancia de \u00e1udio em seu cockpit \u00e9 f\u00e1cil com a GMA 345. \u00c9 totalmente compat\u00edvel com rack e pino em instala\u00e7\u00f5es de comunica\u00e7\u00e3o dupla com o Garmin GMA 340, bem como pain\u00e9is de \u00e1udio de terceiros selecionados.\u00a0Portanto, o instalador n\u00e3o demora muito para retirar o antigo e inserir o novo.\u00a0O indicador integrado de intercomunica\u00e7\u00e3o e marcador do painel de \u00e1udio ajuda a reduzir ainda mais o tempo de instala\u00e7\u00e3o do sistema.\u00a0E como ele pode operar em 14 ou 28 volts, n\u00e3o h\u00e1 necessidade de nenhum regulador de tens\u00e3o externo ou da fia\u00e7\u00e3o que os acompanha.\u00a0R\u00e1pido, f\u00e1cil e acess\u00edvel &#8211; esse \u00e9 o caminho de atualiza\u00e7\u00e3o de \u00e1udio GMA 345.<\/p>\n","protected":false},"excerpt":{"rendered":"<p>Audio Panel With Bluetooth\u00ae Connectivity<\/p>\n","protected":false},"featured_media":2142,"comment_status":"open","ping_status":"closed","template":"","meta":[],"product_cat":[74],"product_tag":[],"brands":[{"id":166,"name":"Garmin","slug":"garmin"}],"_links":{"self":[{"href":"https:\/\/aerotronic.com.br\/en\/wp-json\/wp\/v2\/product\/2140"}],"collection":[{"href":"https:\/\/aerotronic.com.br\/en\/wp-json\/wp\/v2\/product"}],"about":[{"href":"https:\/\/aerotronic.com.br\/en\/wp-json\/wp\/v2\/types\/product"}],"replies":[{"embeddable":true,"href":"https:\/\/aerotronic.com.br\/en\/wp-json\/wp\/v2\/comments?post=2140"}],"wp:featuredmedia":[{"embeddable":true,"href":"https:\/\/aerotronic.com.br\/en\/wp-json\/wp\/v2\/media\/2142"}],"wp:attachment":[{"href":"https:\/\/aerotronic.com.br\/en\/wp-json\/wp\/v2\/media?parent=2140"}],"wp:term":[{"taxonomy":"product_cat","embeddable":true,"href":"https:\/\/aerotronic.com.br\/en\/wp-json\/wp\/v2\/product_cat?post=2140"},{"taxonomy":"product_tag","embeddable":true,"href":"https:\/\/aerotronic.com.br\/en\/wp-json\/wp\/v2\/product_tag?post=2140"}],"curies":[{"name":"wp","href":"https:\/\/api.w.org\/{rel}","templated":true}]}}