{"id":2138,"date":"2019-05-17T16:24:08","date_gmt":"2019-05-17T19:24:08","guid":{"rendered":"http:\/\/192.168.15.3\/aerotronic.com.br\/pt\/?post_type=product&#038;p=2138"},"modified":"2019-07-27T20:38:47","modified_gmt":"2019-07-27T23:38:47","slug":"comant-ci-121","status":"publish","type":"product","link":"https:\/\/aerotronic.com.br\/en\/loja\/antennas\/comant-ci-121\/","title":{"rendered":"Comant CI-121"},"content":{"rendered":"<p>Semelhante ao CI-109, o CI-121 \u00e9 menor em di\u00e2metro e mais leve em apenas 0,5 libras.\u00a0Apresenta um alojamento laminado de vidro c\u00f4nico e base de alum\u00ednio fundido.\u00a0Oferece montagem e apar\u00eancia padr\u00e3o para muitas antenas de comunica\u00e7\u00e3o Cessna.<br \/>\nO CI-121 foi testado novamente e atualizado para os novos requisitos ambientais RTCA DO-160D e oferece a frequ\u00eancia de 118 a 137 MHz associada ao MOPS DO-186A.<br \/>\nFreq\u00fc\u00eancias Cobertas<\/p>\n<ul>\n<li>118-137 MHz<\/li>\n<\/ul>\n","protected":false},"excerpt":{"rendered":"<p>VHF Comm Rod Antena<\/p>\n","protected":false},"featured_media":2139,"comment_status":"open","ping_status":"closed","template":"","meta":[],"product_cat":[71],"product_tag":[],"brands":[{"id":149,"name":"Comant","slug":"comant"}],"_links":{"self":[{"href":"https:\/\/aerotronic.com.br\/en\/wp-json\/wp\/v2\/product\/2138"}],"collection":[{"href":"https:\/\/aerotronic.com.br\/en\/wp-json\/wp\/v2\/product"}],"about":[{"href":"https:\/\/aerotronic.com.br\/en\/wp-json\/wp\/v2\/types\/product"}],"replies":[{"embeddable":true,"href":"https:\/\/aerotronic.com.br\/en\/wp-json\/wp\/v2\/comments?post=2138"}],"wp:featuredmedia":[{"embeddable":true,"href":"https:\/\/aerotronic.com.br\/en\/wp-json\/wp\/v2\/media\/2139"}],"wp:attachment":[{"href":"https:\/\/aerotronic.com.br\/en\/wp-json\/wp\/v2\/media?parent=2138"}],"wp:term":[{"taxonomy":"product_cat","embeddable":true,"href":"https:\/\/aerotronic.com.br\/en\/wp-json\/wp\/v2\/product_cat?post=2138"},{"taxonomy":"product_tag","embeddable":true,"href":"https:\/\/aerotronic.com.br\/en\/wp-json\/wp\/v2\/product_tag?post=2138"}],"curies":[{"name":"wp","href":"https:\/\/api.w.org\/{rel}","templated":true}]}}