{"id":2134,"date":"2019-05-17T16:04:58","date_gmt":"2019-05-17T19:04:58","guid":{"rendered":"http:\/\/192.168.15.3\/aerotronic.com.br\/pt\/?post_type=product&#038;p=2134"},"modified":"2019-07-27T20:38:46","modified_gmt":"2019-07-27T23:38:46","slug":"comant-ci-119","status":"publish","type":"product","link":"https:\/\/aerotronic.com.br\/en\/loja\/antennas\/comant-ci-119\/","title":{"rendered":"Comant CI-119"},"content":{"rendered":"<p>Freq\u00fc\u00eancia 118-137 MHz<br \/>\nProjetado para grandes aeronaves monomotoras ou bimotoras.\u00a0O conjunto da antena \u00e9 fechado em um inv\u00f3lucro de vidro de poli\u00e9ster moldado por inje\u00e7\u00e3o, moldado aerodinamicamente, com componentes internos expandidos para integridade mec\u00e2nica.\u00a0Altura reduzida conveniente para montagem na parte inferior de uma aeronave.\u00a0O 119 foi testado novamente e atualizado para os novos requisitos ambientais RTCA DO-160D e oferece a frequ\u00eancia de 118 a 137 MHz associada ao MOPS DO-186A.<\/p>\n","protected":false},"excerpt":{"rendered":"<p>VHF Com Blade Antenna<\/p>\n","protected":false},"featured_media":2135,"comment_status":"open","ping_status":"closed","template":"","meta":[],"product_cat":[71],"product_tag":[],"brands":[{"id":149,"name":"Comant","slug":"comant"}],"_links":{"self":[{"href":"https:\/\/aerotronic.com.br\/en\/wp-json\/wp\/v2\/product\/2134"}],"collection":[{"href":"https:\/\/aerotronic.com.br\/en\/wp-json\/wp\/v2\/product"}],"about":[{"href":"https:\/\/aerotronic.com.br\/en\/wp-json\/wp\/v2\/types\/product"}],"replies":[{"embeddable":true,"href":"https:\/\/aerotronic.com.br\/en\/wp-json\/wp\/v2\/comments?post=2134"}],"wp:featuredmedia":[{"embeddable":true,"href":"https:\/\/aerotronic.com.br\/en\/wp-json\/wp\/v2\/media\/2135"}],"wp:attachment":[{"href":"https:\/\/aerotronic.com.br\/en\/wp-json\/wp\/v2\/media?parent=2134"}],"wp:term":[{"taxonomy":"product_cat","embeddable":true,"href":"https:\/\/aerotronic.com.br\/en\/wp-json\/wp\/v2\/product_cat?post=2134"},{"taxonomy":"product_tag","embeddable":true,"href":"https:\/\/aerotronic.com.br\/en\/wp-json\/wp\/v2\/product_tag?post=2134"}],"curies":[{"name":"wp","href":"https:\/\/api.w.org\/{rel}","templated":true}]}}