{"id":2117,"date":"2019-05-16T19:37:51","date_gmt":"2019-05-16T22:37:51","guid":{"rendered":"http:\/\/192.168.15.3\/aerotronic.com.br\/pt\/?post_type=product&#038;p=2117"},"modified":"2019-07-27T20:38:45","modified_gmt":"2019-07-27T23:38:45","slug":"comant-ci-109","status":"publish","type":"product","link":"https:\/\/aerotronic.com.br\/en\/loja\/antennas\/comant-ci-109\/","title":{"rendered":"Comant CI-109"},"content":{"rendered":"<p>Freq\u00fc\u00eancia 118-137 MHz<br \/>\nExibe excelentes caracter\u00edsticas el\u00e9tricas e incorpora uma base de montagem em forma aerodin\u00e2mica e carca\u00e7a do radiador que combina com o estilo das antenas de comunica\u00e7\u00e3o usadas no Cessnas de 1968-72 monomotores.\u00a0O 109 foi testado novamente e atualizado para os novos requisitos ambientais RTCA DO-160D e oferece a frequ\u00eancia de 118 a 137 MHz associada ao MOPS DO-186A.<\/p>\n","protected":false},"excerpt":{"rendered":"<p>Antena Com Chicote<\/p>\n","protected":false},"featured_media":2118,"comment_status":"open","ping_status":"closed","template":"","meta":[],"product_cat":[71],"product_tag":[],"brands":[{"id":149,"name":"Comant","slug":"comant"}],"_links":{"self":[{"href":"https:\/\/aerotronic.com.br\/en\/wp-json\/wp\/v2\/product\/2117"}],"collection":[{"href":"https:\/\/aerotronic.com.br\/en\/wp-json\/wp\/v2\/product"}],"about":[{"href":"https:\/\/aerotronic.com.br\/en\/wp-json\/wp\/v2\/types\/product"}],"replies":[{"embeddable":true,"href":"https:\/\/aerotronic.com.br\/en\/wp-json\/wp\/v2\/comments?post=2117"}],"wp:featuredmedia":[{"embeddable":true,"href":"https:\/\/aerotronic.com.br\/en\/wp-json\/wp\/v2\/media\/2118"}],"wp:attachment":[{"href":"https:\/\/aerotronic.com.br\/en\/wp-json\/wp\/v2\/media?parent=2117"}],"wp:term":[{"taxonomy":"product_cat","embeddable":true,"href":"https:\/\/aerotronic.com.br\/en\/wp-json\/wp\/v2\/product_cat?post=2117"},{"taxonomy":"product_tag","embeddable":true,"href":"https:\/\/aerotronic.com.br\/en\/wp-json\/wp\/v2\/product_tag?post=2117"}],"curies":[{"name":"wp","href":"https:\/\/api.w.org\/{rel}","templated":true}]}}