{"id":2114,"date":"2019-05-16T19:25:22","date_gmt":"2019-05-16T22:25:22","guid":{"rendered":"http:\/\/192.168.15.3\/aerotronic.com.br\/pt\/?post_type=product&#038;p=2114"},"modified":"2019-07-27T20:38:44","modified_gmt":"2019-07-27T23:38:44","slug":"comant-ci-108","status":"publish","type":"product","link":"https:\/\/aerotronic.com.br\/en\/loja\/antennas\/comant-ci-108\/","title":{"rendered":"Comant CI-108"},"content":{"rendered":"<p>Frequ\u00eancia 118-137 MHz<br \/>\nProjetado para aplica\u00e7\u00f5es de aeronaves de alto desempenho.\u00a0Adequado para montagem superior ou inferior.\u00a0Constru\u00e7\u00e3o de poliuretano s\u00f3lido para resist\u00eancia, confiabilidade e durabilidade.\u00a0Acabamento de poliuretano branco \u00e9 Skydrol e resistente \u00e0 eros\u00e3o da chuva.\u00a0A S\u00e9rie 108 foi testada novamente e atualizada para os requisitos ambientais RTCA DO-160D e oferece a frequ\u00eancia de 118 a 137 MHz associada ao MOPS DO-186A.\u00a0Prote\u00e7\u00e3o de borda de ataque opcional dispon\u00edvel com o CI 108-L.<\/p>\n","protected":false},"excerpt":{"rendered":"<p>VHF Blade Com Antenna<\/p>\n","protected":false},"featured_media":2115,"comment_status":"open","ping_status":"closed","template":"","meta":[],"product_cat":[71],"product_tag":[],"brands":[{"id":149,"name":"Comant","slug":"comant"}],"_links":{"self":[{"href":"https:\/\/aerotronic.com.br\/en\/wp-json\/wp\/v2\/product\/2114"}],"collection":[{"href":"https:\/\/aerotronic.com.br\/en\/wp-json\/wp\/v2\/product"}],"about":[{"href":"https:\/\/aerotronic.com.br\/en\/wp-json\/wp\/v2\/types\/product"}],"replies":[{"embeddable":true,"href":"https:\/\/aerotronic.com.br\/en\/wp-json\/wp\/v2\/comments?post=2114"}],"wp:featuredmedia":[{"embeddable":true,"href":"https:\/\/aerotronic.com.br\/en\/wp-json\/wp\/v2\/media\/2115"}],"wp:attachment":[{"href":"https:\/\/aerotronic.com.br\/en\/wp-json\/wp\/v2\/media?parent=2114"}],"wp:term":[{"taxonomy":"product_cat","embeddable":true,"href":"https:\/\/aerotronic.com.br\/en\/wp-json\/wp\/v2\/product_cat?post=2114"},{"taxonomy":"product_tag","embeddable":true,"href":"https:\/\/aerotronic.com.br\/en\/wp-json\/wp\/v2\/product_tag?post=2114"}],"curies":[{"name":"wp","href":"https:\/\/api.w.org\/{rel}","templated":true}]}}