{"id":2111,"date":"2019-05-08T18:52:51","date_gmt":"2019-05-08T21:52:51","guid":{"rendered":"http:\/\/192.168.15.3\/aerotronic.com.br\/pt\/?post_type=product&#038;p=2111"},"modified":"2019-07-28T14:44:59","modified_gmt":"2019-07-28T17:44:59","slug":"garmin-gtx-345r","status":"publish","type":"product","link":"https:\/\/aerotronic.com.br\/en\/loja\/ads-b-solutions\/garmin-gtx-345r\/","title":{"rendered":"Garmin GTX 345R"},"content":{"rendered":"<ul class=\"circleul\">\n<li>1090 MHz ADS-B &#8220;Out&#8221; permite que a aeronave opere em qualquer altitude, em espa\u00e7o a\u00e9reo ao redor do globo<\/li>\n<li>Combina o transponder do modo S Squitter estendido (ES) e a fonte opcional de posi\u00e7\u00e3o WAAS \/ GPS em uma \u00fanica unidade<\/li>\n<li>Fornece acesso a tr\u00e1fego \u201cIn\u201d ADS-B de link duplo e tempo livre de assinatura em monitores compat\u00edveis<\/li>\n<li>Transmita sem fios o tempo, o tr\u00e2nsito, a posi\u00e7\u00e3o GPS e a atitude de backup atrav\u00e9s da liga\u00e7\u00e3o do Connext\u00ae \u00e0s aplica\u00e7\u00f5es Garmin Pilot \u2122 e ForeFlight Mobile, bem como aos port\u00e1teis aera\u00ae 795\/796 Garmin<\/li>\n<li>Compat\u00edvel com uma variedade de monitores Garmin &#8211; incluindo as s\u00e9ries G1000\u00ae e GTN \u2122 750\/650 &#8211; que oferecem entrada e controle de c\u00f3digo de transponder<\/li>\n<\/ul>\n<p>Com a introdu\u00e7\u00e3o do transponder Mode S Extended Squitter (ES) equipado com telecomando GTX 345R, a Garmin fornece o melhoramento ideal para operadores de aeronaves que procuram satisfazer os requisitos NextGen para ADS-B \u201cOut\u201d &#8211; proporcionando todos os benef\u00edcios meteorol\u00f3gicos e de tr\u00e1fego. ADS-B \u201cIn\u201d com alguns G1000, GTN 750\/650 e outros avi\u00f4nicos de terceiros.\u00a0Al\u00e9m disso, a GTX 345R tamb\u00e9m est\u00e1 opcionalmente dispon\u00edvel com uma fonte de posi\u00e7\u00e3o GPS WAAS embutida, ent\u00e3o tudo o que \u00e9 necess\u00e1rio para atender as regras de equipagem ADS-B pode ser fornecido com esta instala\u00e7\u00e3o do pacote de atualiza\u00e7\u00e3o tudo-em-um.<\/p>\n<h3>Sua transi\u00e7\u00e3o para o NextGen Made Simple<\/h3>\n<p>Oferecendo mais solu\u00e7\u00f5es ADS-B em campo do que qualquer outra marca no setor, a Garmin est\u00e1 empenhada em tornar a transi\u00e7\u00e3o para o espa\u00e7o a\u00e9reo NextGen o mais simples e econ\u00f4mica poss\u00edvel.\u00a0A GTX 345R com certifica\u00e7\u00e3o IFR \u00e9 um excelente exemplo.\u00a0\u00c9 um projeto totalmente em estado s\u00f3lido, o que contribui para menor consumo de energia e maior confiabilidade, em compara\u00e7\u00e3o com a tecnologia de transponder de gera\u00e7\u00e3o anterior.\u00a0Al\u00e9m disso, a capacidade de transmiss\u00e3o \u201cOut\u201d ADS-B de 1090 MHz da unidade (usando informa\u00e7\u00f5es precisas de posicionamento referenciadas por GPS) permite que a GTX 345R produza automaticamente os dados de vigil\u00e2ncia de tr\u00e1fego mais precisos e din\u00e2micos que o sistema NextGen requer.\u00a0Al\u00e9m disso, a recep\u00e7\u00e3o ADS-B \u201cIn\u201d dispon\u00edvel disponibiliza ainda mais recursos para os pilotos, permitindo que eles exibam tr\u00e1fego ADS-B, clima e muito mais em uma variedade de monitores instalados ou port\u00e1teis.<\/p>\n<h3>Vigil\u00e2ncia de Tr\u00e1fego Aprimorada<\/h3>\n<p>Usando a transmiss\u00e3o ADS-B \u201cOut\u201d do squitter estendido de 1090 MHz, o Garmin GTX 335R melhora o sistema de consulta do transponder existente &#8211; enquanto trabalha perfeitamente com os protocolos ATC existentes &#8211; para fornecer aos controladores terrestres atualiza\u00e7\u00f5es consideravelmente mais r\u00e1pidas do que o radar tradicional.\u00a0E, ao transmitir simultaneamente essa informa\u00e7\u00e3o para os pilotos equipados com display ADS-B \u201cIn\u201d, ela permite que eles vejam essencialmente a mesma imagem de tr\u00e2nsito de sua localiza\u00e7\u00e3o que o ATC est\u00e1 vigiando no solo.<\/p>\n<h3>Veja os Benef\u00edcios do ADS-B \u201cIn\u201d<\/h3>\n<p>Como b\u00f4nus adicional, a GTX 345R tamb\u00e9m disponibiliza os recursos de exibi\u00e7\u00e3o de tr\u00e2nsito e clima sem assinatura habilitados por ADS-B \u201cIn\u201d &#8211; que podem ser conectados a monitores de cockpit compat\u00edveis, incluindo sistemas selecionados G1000 e GTN 750\/650 ou streamed sem fios atrav\u00e9s do Garmin Connext para os port\u00e1teis da s\u00e9rie aera 796\/795, bem como para tablets \/ dispositivos m\u00f3veis populares atrav\u00e9s de aplica\u00e7\u00f5es como o Garmin Pilot \u2122 ou o ForeFlight Mobile.\u00a0O link clim\u00e1tico ADS-B \u00e9 transmitido continuamente na freq\u00fc\u00eancia do UAT (Universal Access Transceiver) de 978 MHz e \u00e9 similar aos servi\u00e7os b\u00e1sicos oferecidos pelos principais fornecedores comerciais de sat\u00e9lite para clima.\u00a0Por exemplo, voc\u00ea pode acessar imagens NEXRAD, METARs, TAFs, ventos e temperaturas no ar, PIREPs, NOTAMs e muito mais: junto com isso,\u00a0voc\u00ea tamb\u00e9m pode receber relat\u00f3rios de posi\u00e7\u00e3o de tr\u00e1fego ADS-B (e simbologia de n\u00edvel de amea\u00e7a) para ajud\u00e1-lo a ver e evitar alvos convergentes em um espa\u00e7o a\u00e9reo movimentado.\u00a0Alertas de \u00e1udio falados evitam poss\u00edveis conflitos de rotas de v\u00f4o (\u201cTr\u00e1fego, 10 horas, mesma altitude, duas milhas\u201d) para que voc\u00ea procure na dire\u00e7\u00e3o certa.\u00a0Enquanto isso, na tela do seu cockpit, o visor de movimento relativo TargetTrend \u2122 com patente pendente1 da Garmin oferece uma maneira mais r\u00e1pida e intuitiva de avaliar trajet\u00f3rias de destino e taxas de fechamento em rela\u00e7\u00e3o \u00e0 trajet\u00f3ria de v\u00f4o.\u00a0Como um recurso adicional de seguran\u00e7a, dispon\u00edvel na maioria dos novos produtos Garmin, nossa tecnologia TerminalTraffic \u2122 fornece uma imagem abrangente de aeronaves equipadas com ADS-B e ve\u00edculos terrestres no ambiente do aeroporto.\u00a0As aeronaves equipadas com ADS-B em voo s\u00e3o facilmente distingu\u00edveis dos ve\u00edculos terrestres e das aeronaves de taxiamento,\u00a0que s\u00e3o exibidos usando cores e s\u00edmbolos distintos.\u00a0Todas essas informa\u00e7\u00f5es s\u00e3o apresentadas em um diagrama SafeTaxi\u00ae simples e f\u00e1cil de entender, que faz refer\u00eancia \u00e0 localiza\u00e7\u00e3o de pistas, pistas de taxiamento, locais de hangares e muito mais.<\/p>\n<h3>O link duplo completa a imagem<\/h3>\n<p>O receptor GTX 345R ADS-B \u00e9 um sistema de link duplo.\u00a0Assim, ele pode receber em ambas as freq\u00fc\u00eancias (978 MHz e 1090 MHz) autorizadas para opera\u00e7\u00f5es ADS-B nos EUA. Isso n\u00e3o apenas fornece a imagem de tr\u00e2nsito mais completa da aeronave transmitindo em qualquer freq\u00fc\u00eancia, mas tamb\u00e9m aumenta a capacidade de acesso da aeronave. Transmiss\u00f5es ADS-B e servi\u00e7os de praticamente qualquer lugar.\u00a0Ao integrar um sistema de tr\u00e1fego ativo com a GTX 345R, o tr\u00e1fego ADS-B e as metas de tr\u00e1fego ativo s\u00e3o mesclados na tela para oferecer aos pilotos uma imagem de tr\u00e2nsito verdadeiramente abrangente.<\/p>\n<h3>ADS-B para seu conv\u00e9s de voo integrado<\/h3>\n<p>Com uma variedade de compatibilidades que cobrem a maioria dos displays em campo, nossos transponders da s\u00e9rie GTX habilitados para ADS-B oferecem o caminho de atualiza\u00e7\u00e3o mais f\u00e1cil da NextGen da Garmin &#8211; especialmente para propriet\u00e1rios de aeronaves selecionadas com o G1000.\u00a0Para estes sistemas, a GTX 345R de montagem remota interage com a fonte de posi\u00e7\u00e3o WAAS existente da aeronave para navega\u00e7\u00e3o ou usa uma fonte de posi\u00e7\u00e3o WAAS embutida opcional para atender aos requisitos de \u201cSa\u00edda\u201d ADS-B.\u00a0A s\u00e9rie G1000 exibe interface com o transponder GTX remoto para fornecer entrada e controle de c\u00f3digo de canto na tela da maneira convencional.\u00a0Dependendo da vers\u00e3o do software instalada, os monitores de vidro Garmin tamb\u00e9m podem suportar tempo livre de assinatura no MFD &#8211; bem como alvos de tr\u00e1fego ADS-B nos monitores MFD e PFD para aeronaves equipadas com Tecnologia de Vis\u00e3o Sint\u00e9tica (SVT \u2122).<\/p>\n<h3>Alerta e codifica\u00e7\u00e3o de altitude simplificados<\/h3>\n<p>Para maior consci\u00eancia situacional, a GTX 345R incorpora uma sa\u00edda de \u00e1udio integrada para alertas sonoros de tr\u00e1fego e altitude\u00b9, que podem ser integrados ao seu painel de \u00e1udio existente.\u00a0Voc\u00ea tamb\u00e9m pode emparelhar a s\u00e9rie GTX com um codificador de altitude Garmin opcional para satisfazer os requisitos de transmiss\u00e3o de dados para IFR.\u00a0Ao contr\u00e1rio de outros transponders com codifica\u00e7\u00e3o de altitude incorporada, o codificador de altitude Garmin \u00e9 montado separadamente no rack de instala\u00e7\u00e3o.\u00a0Ent\u00e3o, se o transponder precisar de remo\u00e7\u00e3o, n\u00e3o h\u00e1 necessidade de desconectar a linha est\u00e1tica.\u00a0O que, por sua vez, elimina a necessidade de uma verifica\u00e7\u00e3o de vazamento de acompanhamento &#8211; e, portanto, ajuda a minimizar os custos de manuten\u00e7\u00e3o.<\/p>\n<h3>Um caminho mais f\u00e1cil para o NextGen<\/h3>\n<p>A s\u00e9rie Garmin GTX 345R est\u00e1 sendo aprovada pela FAA para instala\u00e7\u00e3o em centenas de marcas e modelos de aeronaves mais populares da atualidade.\u00a0Durante d\u00e9cadas, a Garmin liderou o desenvolvimento e a implanta\u00e7\u00e3o da tecnologia ADS-B.\u00a0E quando voc\u00ea compara todas as op\u00e7\u00f5es dispon\u00edveis, fica claro que a Garmin est\u00e1 comprometida em tornar sua transi\u00e7\u00e3o para as opera\u00e7\u00f5es ADS-B o mais simples, econ\u00f4mica e livre de preocupa\u00e7\u00f5es poss\u00edvel.<\/p>\n","protected":false},"excerpt":{"rendered":"<p>Remote-Mount All-In-One ADS-B Transponder<\/p>\n","protected":false},"featured_media":2108,"comment_status":"open","ping_status":"closed","template":"","meta":[],"product_cat":[44,50],"product_tag":[],"brands":[{"id":166,"name":"Garmin","slug":"garmin"}],"_links":{"self":[{"href":"https:\/\/aerotronic.com.br\/en\/wp-json\/wp\/v2\/product\/2111"}],"collection":[{"href":"https:\/\/aerotronic.com.br\/en\/wp-json\/wp\/v2\/product"}],"about":[{"href":"https:\/\/aerotronic.com.br\/en\/wp-json\/wp\/v2\/types\/product"}],"replies":[{"embeddable":true,"href":"https:\/\/aerotronic.com.br\/en\/wp-json\/wp\/v2\/comments?post=2111"}],"wp:featuredmedia":[{"embeddable":true,"href":"https:\/\/aerotronic.com.br\/en\/wp-json\/wp\/v2\/media\/2108"}],"wp:attachment":[{"href":"https:\/\/aerotronic.com.br\/en\/wp-json\/wp\/v2\/media?parent=2111"}],"wp:term":[{"taxonomy":"product_cat","embeddable":true,"href":"https:\/\/aerotronic.com.br\/en\/wp-json\/wp\/v2\/product_cat?post=2111"},{"taxonomy":"product_tag","embeddable":true,"href":"https:\/\/aerotronic.com.br\/en\/wp-json\/wp\/v2\/product_tag?post=2111"}],"curies":[{"name":"wp","href":"https:\/\/api.w.org\/{rel}","templated":true}]}}