{"id":2099,"date":"2019-05-06T13:37:07","date_gmt":"2019-05-06T16:37:07","guid":{"rendered":"http:\/\/192.168.15.3\/aerotronic.com.br\/pt\/?post_type=product&#038;p=2099"},"modified":"2019-07-28T14:50:21","modified_gmt":"2019-07-28T17:50:21","slug":"garmin-gtx-345","status":"publish","type":"product","link":"https:\/\/aerotronic.com.br\/en\/loja\/ads-b-solutions\/garmin-gtx-345\/","title":{"rendered":"Garmin GTX 345"},"content":{"rendered":"<p>Solu\u00e7\u00e3o Transponder All-in-one para ADS-B &#8220;Out&#8221; e &#8220;In&#8221;<br \/>\n1090 MHz ADS-B &#8220;Out&#8221; permite que a aeronave opere em qualquer altitude, em espa\u00e7o a\u00e9reo ao redor do globo<br \/>\nCombina o transponder do modo S Squitter estendido (ES) e a fonte opcional de posi\u00e7\u00e3o WAAS \/ GPS em uma \u00fanica unidade<br \/>\nFornece acesso a tr\u00e1fego \u201cIn\u201d ADS-B de link duplo e tempo livre de assinatura em monitores compat\u00edveis<br \/>\nTransmita sem fios o tempo, o tr\u00e1fego, a posi\u00e7\u00e3o GPS e a atitude de backup\u00b2 via Connext\u00ae para aplicativos m\u00f3veis compat\u00edveis e port\u00e1teis aera\u00ae 660\/795\/796<br \/>\nSubstitui\u00e7\u00e3o f\u00e1cil para o seu transponder existente, com fator de forma comum de 1,65 polegadas<br \/>\n<img decoding=\"async\" loading=\"lazy\" class=\"img-responsive aligncenter wp-image-2104 size-full\" src=\"http:\/\/192.168.15.3\/aerotronic.com.br\/wp-content\/uploads\/2019\/05\/baron-lifestyle.jpg\" alt=\"\" width=\"1400\" height=\"480\" srcset=\"https:\/\/aerotronic.com.br\/wp-content\/uploads\/2019\/05\/baron-lifestyle.jpg 1400w, https:\/\/aerotronic.com.br\/wp-content\/uploads\/2019\/05\/baron-lifestyle-300x103.jpg 300w, https:\/\/aerotronic.com.br\/wp-content\/uploads\/2019\/05\/baron-lifestyle-768x263.jpg 768w, https:\/\/aerotronic.com.br\/wp-content\/uploads\/2019\/05\/baron-lifestyle-1024x351.jpg 1024w, https:\/\/aerotronic.com.br\/wp-content\/uploads\/2019\/05\/baron-lifestyle-600x206.jpg 600w\" sizes=\"(max-width: 1400px) 100vw, 1400px\" \/><br \/>\nO cumprimento das regras de equipagem ADS-B para o espa\u00e7o a\u00e9reo NextGen ficou mais f\u00e1cil &#8211; e mais ben\u00e9fico &#8211; para milhares de propriet\u00e1rios de aeronaves em todo o mundo.<br \/>\nCom a introdu\u00e7\u00e3o da s\u00e9rie GTX 345 de transponders Mode S Extended Squitter (ES), a Garmin oferece uma solu\u00e7\u00e3o one-box e one-swap que permite que propriet\u00e1rios e operadores atendam aos requisitos ADS-B com o m\u00ednimo de gastos, tempo de inatividade e interrup\u00e7\u00e3o em seus pain\u00e9is &#8211; enquanto fornece todos os benef\u00edcios de tempo e tr\u00e1fego do ADS-B &#8220;In&#8221;.<img decoding=\"async\" loading=\"lazy\" class=\"alignright wp-image-2103 size-full\" src=\"http:\/\/192.168.15.3\/aerotronic.com.br\/wp-content\/uploads\/2019\/05\/weather-traffic.jpg\" alt=\"\" width=\"455\" height=\"435\" srcset=\"https:\/\/aerotronic.com.br\/wp-content\/uploads\/2019\/05\/weather-traffic.jpg 455w, https:\/\/aerotronic.com.br\/wp-content\/uploads\/2019\/05\/weather-traffic-300x287.jpg 300w\" sizes=\"(max-width: 455px) 100vw, 455px\" \/><\/p>\n<h3>Sua transi\u00e7\u00e3o para o NextGen Made Simple<\/h3>\n<p>A GTX 345 certificada IFR parece e opera como um transponder Mode S padr\u00e3o. Ele se encaixa no mesmo slot de 1,65 polegadas na sua pilha de avi\u00f4nicos. Ele possui um display digital brilhante, leg\u00edvel \u00e0 luz do sol, uma leitura de altitude de press\u00e3o, cron\u00f4metros \u00fateis para aproxima\u00e7\u00f5es e outras opera\u00e7\u00f5es, al\u00e9m de bot\u00f5es dedicados numerados de 0 a 9 para facilitar e agilizar a entrada de c\u00f3digo. Mas onde outros transponders param, a GTX 345 est\u00e1 apenas come\u00e7ando. A adi\u00e7\u00e3o da capacidade de transmiss\u00e3o \u201cOut\u201d de 1090 MHz ADS-B (usando informa\u00e7\u00f5es precisas de posicionamento referenciadas por GPS) permite que o transponder produza automaticamente os dados de vigil\u00e2ncia de tr\u00e1fego mais precisos e din\u00e2micos que o sistema de espa\u00e7o a\u00e9reo NextGen requer. Al\u00e9m disso, a recep\u00e7\u00e3o ADS-B \u201cIn\u201d dispon\u00edvel disponibiliza ainda mais capacidades para os pilotos, permitindo-lhes exibir tr\u00e1fego ADS-B<\/p>\n<h3>Seu WAAS, seu caminho<\/h3>\n<p>A refer\u00eancia de posi\u00e7\u00e3o GPS extra-precisa necess\u00e1ria para atender aos requisitos de monitoramento de tr\u00e1fego do ADS-B pode ser fornecida pelo sistema de navega\u00e7\u00e3o compat\u00edvel com WAAS \/ SBAS que voc\u00ea j\u00e1 tenha em seu painel &#8211; ou por uma fonte opcional de posi\u00e7\u00e3o GPS embutida. dispon\u00edvel com o seu transponder GTX 345.\u00a0No entanto, a sua aeronave est\u00e1 atualmente equipada, a s\u00e9rie Garmin GTX 345 oferece uma solu\u00e7\u00e3o ADS-B simples, minimamente intrusiva para atender \u00e0s suas necessidades.\u00a0Para obter ainda mais flexibilidade, est\u00e3o dispon\u00edveis vers\u00f5es de GTX de montagem remota opcionais para compatibilidade com a s\u00e9rie GTN \u2122 750\/650 de sistemas GPS \/ Comm \/ Nav, bem como sistemas de barreiras de voo integradas Garmin G1000\u00ae &#8211; todos equipados com controle remoto integrado sele\u00e7\u00e3o e controle do c\u00f3digo do transponder.<\/p>\n<h3>Veja os Benef\u00edcios do ADS-B \u201cIn\u201d<\/h3>\n<p>Al\u00e9m de 1090 MHz ADS-B \u201cOut\u201d, a GTX 345 tamb\u00e9m disponibiliza os recursos de exibi\u00e7\u00e3o de tr\u00e1fego e tempo sem assinatura habilitados por ADS-B \u201cIn\u201d &#8211; que podem ser conectados a monitores de cockpit compat\u00edveis ou transmitidos sem fio via Garmin Connext para os nossos port\u00e1teis aera 796\/795 e aera 660, bem como para tablets \/ dispositivos m\u00f3veis atrav\u00e9s dos aplicativos Garmin Pilot \u2122, ForeFlight Mobile ou FltPlan Go.\u00a0O link clim\u00e1tico ADS-B \u00e9 transmitido continuamente na freq\u00fc\u00eancia do UAT (Universal Access Transceiver) de 978 MHz e \u00e9 similar aos servi\u00e7os b\u00e1sicos oferecidos pelos principais fornecedores comerciais de sat\u00e9lite para clima.\u00a0Por exemplo, voc\u00ea pode acessar imagens NEXRAD, METARs, TAFs, ventos e temperaturas no ar, PIREPs, NOTAMs e muito mais: junto com isso,\u00a0voc\u00ea tamb\u00e9m pode receber relat\u00f3rios de posi\u00e7\u00e3o de tr\u00e1fego ADS-B (e simbologia de n\u00edvel de amea\u00e7a) para ajud\u00e1-lo a ver e evitar alvos convergentes em um espa\u00e7o a\u00e9reo movimentado.\u00a0Alertas de \u00e1udio falados evitam poss\u00edveis conflitos de rotas de v\u00f4o (\u201cTr\u00e1fego, 10 horas, mesma altitude, duas milhas\u201d) para que voc\u00ea procure na dire\u00e7\u00e3o certa.\u00a0Enquanto isso, em seu monitor, o monitor de movimento relativo TargetTrend \u2122 patenteado da Garmin oferece uma maneira mais r\u00e1pida e intuitiva de avaliar trajet\u00f3rias de destino e taxas de fechamento em rela\u00e7\u00e3o \u00e0 sua trajet\u00f3ria de voo.\u00a0Como um recurso adicional de seguran\u00e7a, dispon\u00edvel na maioria dos novos produtos Garmin, nossa tecnologia TerminalTraffic \u2122 fornece uma imagem abrangente de aeronaves equipadas com ADS-B e ve\u00edculos terrestres no ambiente do aeroporto.\u00a0As aeronaves equipadas com ADS-B em voo s\u00e3o facilmente distingu\u00edveis dos ve\u00edculos terrestres e das aeronaves de taxiamento,\u00a0que s\u00e3o exibidos usando cores e s\u00edmbolos distintos.\u00a0Todas essas informa\u00e7\u00f5es s\u00e3o apresentadas em um diagrama SafeTaxi\u00ae simples e f\u00e1cil de entender, que faz refer\u00eancia \u00e0 localiza\u00e7\u00e3o de pistas, pistas de taxiamento, locais de hangares e muito mais.<br \/>\n<img decoding=\"async\" loading=\"lazy\" class=\"alignright size-full wp-image-2102\" src=\"http:\/\/192.168.15.3\/aerotronic.com.br\/wp-content\/uploads\/2019\/05\/garmin-pilot.jpg\" alt=\"\" width=\"700\" height=\"1012\" srcset=\"https:\/\/aerotronic.com.br\/wp-content\/uploads\/2019\/05\/garmin-pilot.jpg 700w, https:\/\/aerotronic.com.br\/wp-content\/uploads\/2019\/05\/garmin-pilot-208x300.jpg 208w, https:\/\/aerotronic.com.br\/wp-content\/uploads\/2019\/05\/garmin-pilot-600x867.jpg 600w\" sizes=\"(max-width: 700px) 100vw, 700px\" \/><\/p>\n<h3>O link duplo completa a imagem<\/h3>\n<p>O receptor GTX 345 ADS-B \u00e9 um sistema de link duplo.\u00a0Assim, ele pode receber em ambas as freq\u00fc\u00eancias (978 MHz e 1090 MHz) autorizadas para opera\u00e7\u00f5es ADS-B nos EUA. Isso n\u00e3o apenas fornece a imagem de tr\u00e2nsito mais completa da aeronave transmitindo em qualquer freq\u00fc\u00eancia, mas tamb\u00e9m aumenta a capacidade de acesso da aeronave. Transmiss\u00f5es ADS-B e servi\u00e7os de praticamente qualquer lugar.\u00a0Ao integrar um sistema de tr\u00e1fego ativo com a GTX 345, o tr\u00e1fego ADS-B e as metas de tr\u00e1fego ativo s\u00e3o mesclados na tela para oferecer aos pilotos uma imagem de tr\u00e2nsito verdadeiramente abrangente.<\/p>\n<h3>ADS-B para seu conv\u00e9s de voo integrado<\/h3>\n<p>Com uma variedade de compatibilidades que cobrem a maioria dos displays em campo, nossos transponders da s\u00e9rie GTX habilitados para ADS-B oferecem o caminho de atualiza\u00e7\u00e3o mais f\u00e1cil da NextGen da Garmin &#8211; especialmente para propriet\u00e1rios de aeronaves selecionadas com o G1000.\u00a0Para esses sistemas, uma vers\u00e3o de montagem remota, a GTX 345R, faz interface com a fonte de posi\u00e7\u00e3o WAAS existente da aeronave para navega\u00e7\u00e3o ou usa uma fonte de posi\u00e7\u00e3o WAAS incorporada opcional para atender aos requisitos \u201cOut\u201d de ADS-B.\u00a0A s\u00e9rie G1000 exibe interface com o transponder GTX remoto para fornecer entrada e controle de c\u00f3digo de canto na tela da maneira convencional.\u00a0Dependendo da vers\u00e3o do software instalada, os monitores de vidro Garmin tamb\u00e9m podem suportar tempo livre de assinatura no MFD &#8211; bem como alvos de tr\u00e1fego ADS-B nos monitores MFD e PFD para aeronaves equipadas com Tecnologia de Vis\u00e3o Sint\u00e9tica (SVT \u2122).<br \/>\n<img decoding=\"async\" loading=\"lazy\" class=\"alignright size-full wp-image-2101\" src=\"http:\/\/192.168.15.3\/aerotronic.com.br\/wp-content\/uploads\/2019\/05\/g1000-traffic.jpg\" alt=\"\" width=\"636\" height=\"416\" srcset=\"https:\/\/aerotronic.com.br\/wp-content\/uploads\/2019\/05\/g1000-traffic.jpg 636w, https:\/\/aerotronic.com.br\/wp-content\/uploads\/2019\/05\/g1000-traffic-300x196.jpg 300w, https:\/\/aerotronic.com.br\/wp-content\/uploads\/2019\/05\/g1000-traffic-600x392.jpg 600w\" sizes=\"(max-width: 636px) 100vw, 636px\" \/><\/p>\n<h3>Alerta e codifica\u00e7\u00e3o de altitude simplificados<\/h3>\n<p>Para maior consci\u00eancia situacional, a GTX 345 incorpora uma sa\u00edda de \u00e1udio integrada para alertas sonoros de tr\u00e1fego e altitude\u00b9, que podem ser integrados ao seu painel de \u00e1udio existente.\u00a0Voc\u00ea tamb\u00e9m pode emparelhar a s\u00e9rie GTX com um\u00a0<u>codificador de altitude Garmin<\/u>\u00a0opcional\u00a0para satisfazer os requisitos de transmiss\u00e3o de dados para IFR.\u00a0Ao contr\u00e1rio de outros transponders com codifica\u00e7\u00e3o de altitude incorporada, o codificador de altitude Garmin \u00e9 montado separadamente no rack de instala\u00e7\u00e3o.\u00a0Ent\u00e3o, se o transponder precisar de remo\u00e7\u00e3o, n\u00e3o h\u00e1 necessidade de desconectar a linha est\u00e1tica.\u00a0O que, por sua vez, elimina a necessidade de uma verifica\u00e7\u00e3o de vazamento de acompanhamento &#8211; e, portanto, ajuda a minimizar os custos de manuten\u00e7\u00e3o.<\/p>\n<h3>Um caminho mais f\u00e1cil para o NextGen<\/h3>\n<p>A s\u00e9rie Garmin GTX 345 \u00e9 aprovada pela FAA e pela EASA para instala\u00e7\u00e3o em centenas de marcas e modelos de aeronaves mais populares da atualidade.\u00a0Durante d\u00e9cadas, a Garmin liderou o desenvolvimento e a implanta\u00e7\u00e3o da tecnologia ADS-B.\u00a0E quando voc\u00ea compara todas as op\u00e7\u00f5es dispon\u00edveis, fica claro que a Garmin est\u00e1 comprometida em tornar sua transi\u00e7\u00e3o para as opera\u00e7\u00f5es ADS-B o mais simples, econ\u00f4mica e livre de preocupa\u00e7\u00f5es poss\u00edvel.<br \/>\nCompat As compatibilidades da Garmin ADS-B cobrem uma ampla gama de sistemas e monitores;\u00a0no entanto, nem todas as fun\u00e7\u00f5es podem estar dispon\u00edveis para todas as configura\u00e7\u00f5es.\u00a0Por favor, verifique a guia Compatibilidade para mais detalhes ou limita\u00e7\u00f5es que podem se aplicar ao seu sistema.<br \/>\n\u00b2AHRS pode ser desativado em instala\u00e7\u00f5es de helic\u00f3pteros, consulte seu revendedor Garmin autorizado para obter mais detalhes.<br \/>\n&nbsp;<br \/>\n<img decoding=\"async\" loading=\"lazy\" class=\"alignright size-full wp-image-2100\" src=\"http:\/\/192.168.15.3\/aerotronic.com.br\/wp-content\/uploads\/2019\/05\/quarter-blue.jpg\" alt=\"\" width=\"300\" height=\"241\" \/><\/p>\n","protected":false},"excerpt":{"rendered":"<p>Transponder ADS-B All-In-One Para Montagem Em Painel<br \/>\nApenas dispon\u00edvel para envio para aeronaves experimentais.\u00a0Para aeronaves certificadas, entre em contato com nosso departamento de vendas para solicitar uma cota\u00e7\u00e3o de instala\u00e7\u00e3o.<\/p>\n","protected":false},"featured_media":2105,"comment_status":"open","ping_status":"closed","template":"","meta":[],"product_cat":[44,50],"product_tag":[],"brands":[{"id":166,"name":"Garmin","slug":"garmin"}],"_links":{"self":[{"href":"https:\/\/aerotronic.com.br\/en\/wp-json\/wp\/v2\/product\/2099"}],"collection":[{"href":"https:\/\/aerotronic.com.br\/en\/wp-json\/wp\/v2\/product"}],"about":[{"href":"https:\/\/aerotronic.com.br\/en\/wp-json\/wp\/v2\/types\/product"}],"replies":[{"embeddable":true,"href":"https:\/\/aerotronic.com.br\/en\/wp-json\/wp\/v2\/comments?post=2099"}],"wp:featuredmedia":[{"embeddable":true,"href":"https:\/\/aerotronic.com.br\/en\/wp-json\/wp\/v2\/media\/2105"}],"wp:attachment":[{"href":"https:\/\/aerotronic.com.br\/en\/wp-json\/wp\/v2\/media?parent=2099"}],"wp:term":[{"taxonomy":"product_cat","embeddable":true,"href":"https:\/\/aerotronic.com.br\/en\/wp-json\/wp\/v2\/product_cat?post=2099"},{"taxonomy":"product_tag","embeddable":true,"href":"https:\/\/aerotronic.com.br\/en\/wp-json\/wp\/v2\/product_tag?post=2099"}],"curies":[{"name":"wp","href":"https:\/\/api.w.org\/{rel}","templated":true}]}}