{"id":2096,"date":"2019-05-06T13:25:27","date_gmt":"2019-05-06T16:25:27","guid":{"rendered":"http:\/\/192.168.15.3\/aerotronic.com.br\/pt\/?post_type=product&#038;p=2096"},"modified":"2019-07-28T15:17:18","modified_gmt":"2019-07-28T18:17:18","slug":"garmin-gtx-335-w-gps-ads-b-in-bundle","status":"publish","type":"product","link":"https:\/\/aerotronic.com.br\/en\/loja\/ads-b-solutions\/garmin-gtx-335-w-gps-ads-b-in-bundle\/","title":{"rendered":"Garmin GTX 335 W\/GPS + ADS-B &#8220;In&#8221; Bundle"},"content":{"rendered":"<p>O pacote inclui:<br \/>\nADS-B &#8220;Out&#8221;: GTX 335 com GPS<br \/>\nADS-B &#8220;In&#8221;: GDL 50 Tr\u00e1fego, Tempo, Posi\u00e7\u00e3o GPS, AHARS para iPad com Garmin Pilot ou aera660 (vendido separadamente)<br \/>\nCodificador GAE 12<br \/>\nMulti-carregador de alta velocidade<br \/>\nAntena GPS GA 35<br \/>\nChicote de fios de 4 p\u00e9s<br \/>\nOpcional:<br \/>\nO GDL 52 adiciona o SiriusXM Weather and Music, al\u00e9m dos recursos do GDL 50<\/p>\n","protected":false},"excerpt":{"rendered":"<p>Low-Cost ADS-B In\/Out Bundle.<br \/>\nInstala\u00e7\u00e3o\/m\u00e3o de obra n\u00e3o inclu\u00edda no pre\u00e7o.<\/p>\n","protected":false},"featured_media":2076,"comment_status":"open","ping_status":"closed","template":"","meta":[],"product_cat":[44],"product_tag":[],"brands":[{"id":166,"name":"Garmin","slug":"garmin"}],"_links":{"self":[{"href":"https:\/\/aerotronic.com.br\/en\/wp-json\/wp\/v2\/product\/2096"}],"collection":[{"href":"https:\/\/aerotronic.com.br\/en\/wp-json\/wp\/v2\/product"}],"about":[{"href":"https:\/\/aerotronic.com.br\/en\/wp-json\/wp\/v2\/types\/product"}],"replies":[{"embeddable":true,"href":"https:\/\/aerotronic.com.br\/en\/wp-json\/wp\/v2\/comments?post=2096"}],"wp:featuredmedia":[{"embeddable":true,"href":"https:\/\/aerotronic.com.br\/en\/wp-json\/wp\/v2\/media\/2076"}],"wp:attachment":[{"href":"https:\/\/aerotronic.com.br\/en\/wp-json\/wp\/v2\/media?parent=2096"}],"wp:term":[{"taxonomy":"product_cat","embeddable":true,"href":"https:\/\/aerotronic.com.br\/en\/wp-json\/wp\/v2\/product_cat?post=2096"},{"taxonomy":"product_tag","embeddable":true,"href":"https:\/\/aerotronic.com.br\/en\/wp-json\/wp\/v2\/product_tag?post=2096"}],"curies":[{"name":"wp","href":"https:\/\/api.w.org\/{rel}","templated":true}]}}