{"id":2075,"date":"2019-05-02T17:42:56","date_gmt":"2019-05-02T20:42:56","guid":{"rendered":"http:\/\/192.168.15.3\/aerotronic.com.br\/pt\/?post_type=product&#038;p=2075"},"modified":"2020-01-28T15:33:40","modified_gmt":"2020-01-28T18:33:40","slug":"transponder-garmin-gtx-335","status":"publish","type":"product","link":"https:\/\/aerotronic.com.br\/en\/loja\/ads-b-solutions\/transponder-garmin-gtx-335\/","title":{"rendered":"Transponder Garmin GTX 335"},"content":{"rendered":"<h3>Apresentando o GTX 335\/345 da Garmin<\/h3>\n<p>Os novos transponders da s\u00e9rie Garmin GTX 335\/345 s\u00e3o projetados para serem a \u00fanica op\u00e7\u00e3o quando se trata de uma solu\u00e7\u00e3o ADS-B.\u00a0Ambos os modelos apresentam o &#8220;Squitter&#8221; estendido (ES) ADS-B &#8220;out&#8221; com uma op\u00e7\u00e3o para uma fonte de posi\u00e7\u00e3o WAAS incorporada, bem como ADS-B dual &#8220;in&#8221;.<br \/>\nPor favor, veja a guia de recursos para determinar qual GTX \u00e9 a certa para voc\u00ea.<br \/>\nSolu\u00e7\u00e3o de Transponder &#8220;Out&#8221; de 1090 MHz ADS-B com tudo inclu\u00eddo<\/p>\n<ul class=\"circleul\">\n<li>Satisfaz os requisitos de equipagem NextGen para ADS-B \u201cOut\u201d<\/li>\n<li>Sa\u00edda de 1090 MHz permite que a aeronave opere em qualquer altitude, no espa\u00e7o a\u00e9reo ao redor do mundo<\/li>\n<li>Combina o transponder do modo S Squitter estendido (ES) e a fonte opcional de posi\u00e7\u00e3o WAAS \/ GPS em uma \u00fanica unidade<\/li>\n<li>Recursos \u00fateis de exibi\u00e7\u00e3o incluem tempo de voo, contadores de contagem e contagem decrescente, al\u00e9m da leitura atual da altitude de press\u00e3o<\/li>\n<li>Substitui\u00e7\u00e3o f\u00e1cil para o seu transponder existente, com fator de forma comum de 1,65 polegadas<\/li>\n<\/ul>\n<p>Para os operadores de aeronaves que buscam satisfazer as regras de equipagem ADS-B \u201cOut\u201d o mais r\u00e1pida e economicamente poss\u00edvel, o transponder Garmin GTX 335ES oferece a solu\u00e7\u00e3o ideal de caixa \u00fanica e one-swap.\u00a0Est\u00e1 opcionalmente dispon\u00edvel com uma fonte de posi\u00e7\u00e3o GPS WAAS integrada &#8211; assim, tudo o que \u00e9 necess\u00e1rio para atender aos padr\u00f5es de conformidade para uma solu\u00e7\u00e3o \u201cOut\u201d ADS-B certificada pode ser fornecido com esta instala\u00e7\u00e3o de pacote tudo-em-um simples.<\/p>\n<h3>A trilha interna para ADS-B &#8220;Out&#8221;<\/h3>\n<p>Com mais solu\u00e7\u00f5es ADS-B em campo do que qualquer outra marca no setor, a Garmin est\u00e1 comprometida em tornar a transi\u00e7\u00e3o para o espa\u00e7o a\u00e9reo NextGen o mais simples e direta poss\u00edvel.\u00a0O GTX 335 com certifica\u00e7\u00e3o IFR \u00e9 um excelente exemplo.\u00a0Parece e opera como um transponder Mode S padr\u00e3o.\u00a0Ele se encaixa no mesmo slot de 1,65 polegadas na sua pilha de avi\u00f4nicos.\u00a0Ele possui um display digital, uma leitura de altitude de press\u00e3o e bot\u00f5es de press\u00e3o dedicados numerados de 0 a 9 para facilitar e agilizar a entrada de c\u00f3digo.\u00a0Al\u00e9m disso, \u00e9 um projeto totalmente em estado s\u00f3lido, o que contribui para menor consumo de energia e maior confiabilidade, em compara\u00e7\u00e3o com a tecnologia de transponder de gera\u00e7\u00e3o anterior.\u00a0Al\u00e9m disso, a adi\u00e7\u00e3o da capacidade de transmiss\u00e3o &#8220;Out&#8221; de 1090MHz ADS-B (usando informa\u00e7\u00f5es precisas de posicionamento referenciadas por GPS) permite que a GTX 335 produza resultados mais precisos e mais \u00fateis automaticamente.<\/p>\n<h3>Vigil\u00e2ncia de Tr\u00e1fego Aprimorada<\/h3>\n<p>Usando uma transmiss\u00e3o ADS-B \u201cOut\u201d de squitter estendido de 1090 MHz, o Garmin GTX 335 melhora o sistema de consulta de transponder existente, enquanto trabalha perfeitamente com os protocolos ATC existentes.\u00a0Os relat\u00f3rios ADS-B fornecem aos controladores terrestres atualiza\u00e7\u00f5es consideravelmente mais r\u00e1pidas que os radares tradicionais.\u00a0E, ao transmitir simultaneamente essa informa\u00e7\u00e3o para os pilotos equipados com display ADS-B \u201cIn\u201d, ela permite que eles vejam essencialmente a mesma imagem de tr\u00e2nsito de sua localiza\u00e7\u00e3o que o ATC est\u00e1 vigiando no solo.<\/p>\n<h3>Aproveite sua avi\u00f4nica existente<\/h3>\n<p>Projetada para interagir com uma ampla variedade de avi\u00f4nicos, a GTX335 permite que os operadores aproveitem seus equipamentos de cockpit existentes para atender aos requisitos de \u201csa\u00edda\u201d de ADS-B com um m\u00ednimo de custo, tempo de inatividade e interrup\u00e7\u00e3o em seus pain\u00e9is.\u00a0O sinal \u201cOut\u201d de 1090 MHz ADS-B do transponder ES atende aos requisitos mundiais de voo em qualquer altitude.\u00a0E, como um substituto em conformidade com o tamanho de muitos transponders Mode S ou Mode C existentes, a GTX 335 facilita a conex\u00e3o da capacidade NextGen necess\u00e1ria ao layout de avi\u00f4nica que voc\u00ea j\u00e1 possui.\u00a0Para ainda mais flexibilidade, est\u00e3o dispon\u00edveis vers\u00f5es de GTX de montagem remota opcionais para compatibilidade com a s\u00e9rie GTN \u2122 750\/650 de sistemas GPS \/ Comm \/ Nav touchscreen, bem como sistemas de barreiras de voo integradas Garmin G1000\u00ae &#8211; todos com built-in sele\u00e7\u00e3o e controle remoto do c\u00f3digo do transponder.<\/p>\n<h3>Codifica\u00e7\u00e3o de altitude simplificada<\/h3>\n<p>Al\u00e9m de seus recursos de relat\u00f3rio de posi\u00e7\u00e3o habilitados para WAAS, a GTX 335R tamb\u00e9m pode ser emparelhada com um codificador de altitude opcional da Garmin para satisfazer os requisitos de transmiss\u00e3o de dados para IFR. Ao contr\u00e1rio de outros transponders com codifica\u00e7\u00e3o de altitude incorporada, o codificador de altitude Garmin \u00e9 montado separadamente no rack de instala\u00e7\u00e3o. Ent\u00e3o, se o transponder precisar de remo\u00e7\u00e3o, n\u00e3o h\u00e1 necessidade de desconectar a linha est\u00e1tica. O que, por sua vez, elimina a necessidade de uma verifica\u00e7\u00e3o de vazamento de acompanhamento e, portanto, ajuda a minimizar os custos de [tcbd-popover title=&#8221;manuten\u00e7\u00e3o&#8221; text=&#8221;The Install Only designation refers to the manufacturer\u00e2\u20ac\u2122s requirement that the item must be installed by the dealer, and that it may not be shipped except under special circumstances. The cost for installation will be quoted separately unless otherwise stated in the product listing. Please contact us for a custom quote for your aircraft. &#8221; place=&#8221;top&#8221;][\/tcbd-popover].<\/p>\n<h3>Um caminho mais f\u00e1cil para o NextGen<\/h3>\n<p>Durante d\u00e9cadas, a Garmin liderou o desenvolvimento e a implanta\u00e7\u00e3o da tecnologia ADS-B.\u00a0Hoje, a s\u00e9rie Garmin GTX 335 est\u00e1 sendo aprovada pela FAA para instala\u00e7\u00e3o em centenas das marcas e modelos de aeronaves mais populares da atualidade.\u00c9 claro que, com a solu\u00e7\u00e3o tudo-em-um GTX 335, a Garmin est\u00e1 trabalhando para fazer sua transi\u00e7\u00e3o para opera\u00e7\u00f5es ADS-B uma simples quest\u00e3o de trocar seu transponder.<br \/>\n\u00b9Embora o recurso de alerta de tr\u00e1fego aud\u00edvel e o TargetTrend \u2122 exijam telas compat\u00edveis.\u00a0Por favor, verifique o seu Guia do Piloto para recursos espec\u00edficos dispon\u00edveis no seu monitor.<\/p>\n","protected":false},"excerpt":{"rendered":"<p>Transponder S De Modo Estendido De Montagem Em Painel.<br \/>\nApenas dispon\u00edvel para envio para aeronaves experimentais. Para aeronaves certificadas, entre em contato com nosso departamento de vendas para solicitar uma cota\u00e7\u00e3o de instala\u00e7\u00e3o.<\/p>\n","protected":false},"featured_media":2076,"comment_status":"open","ping_status":"closed","template":"","meta":[],"product_cat":[44,49,50],"product_tag":[],"brands":[{"id":166,"name":"Garmin","slug":"garmin"}],"_links":{"self":[{"href":"https:\/\/aerotronic.com.br\/en\/wp-json\/wp\/v2\/product\/2075"}],"collection":[{"href":"https:\/\/aerotronic.com.br\/en\/wp-json\/wp\/v2\/product"}],"about":[{"href":"https:\/\/aerotronic.com.br\/en\/wp-json\/wp\/v2\/types\/product"}],"replies":[{"embeddable":true,"href":"https:\/\/aerotronic.com.br\/en\/wp-json\/wp\/v2\/comments?post=2075"}],"wp:featuredmedia":[{"embeddable":true,"href":"https:\/\/aerotronic.com.br\/en\/wp-json\/wp\/v2\/media\/2076"}],"wp:attachment":[{"href":"https:\/\/aerotronic.com.br\/en\/wp-json\/wp\/v2\/media?parent=2075"}],"wp:term":[{"taxonomy":"product_cat","embeddable":true,"href":"https:\/\/aerotronic.com.br\/en\/wp-json\/wp\/v2\/product_cat?post=2075"},{"taxonomy":"product_tag","embeddable":true,"href":"https:\/\/aerotronic.com.br\/en\/wp-json\/wp\/v2\/product_tag?post=2075"}],"curies":[{"name":"wp","href":"https:\/\/api.w.org\/{rel}","templated":true}]}}