{"id":699,"date":"2019-06-06T03:29:14","date_gmt":"2019-06-06T06:29:14","guid":{"rendered":"http:\/\/7uptheme.com\/wordpress\/necshop\/?page_id=699"},"modified":"2021-08-19T13:04:29","modified_gmt":"2021-08-19T16:04:29","slug":"servicos","status":"publish","type":"page","link":"https:\/\/aerotronic.com.br\/en\/servicos\/","title":{"rendered":"Servi\u00e7os"},"content":{"rendered":"<p>[vc_row full_width=&#8221;stretch_row_content_no_spaces&#8221; el_class=&#8221;section-wrap&#8221;][vc_column][vc_single_image image=&#8221;3025&#8243; img_size=&#8221;full&#8221; alignment=&#8221;center&#8221; onclick=&#8221;custom_link&#8221; link=&#8221;#&#8221; css=&#8221;.vc_custom_1564352541676{margin-bottom: 0px !important;}&#8221;][\/vc_column][\/vc_row][vc_row][vc_column][vc_column_text css_animation=&#8221;fadeInUp&#8221; css=&#8221;.vc_custom_1564427356958{margin-top: 25px !important;padding-right: 20px !important;padding-left: 20px !important;}&#8221;]<strong>A Aerotronic \u00e9 uma empresa renomada no mercado, prestando servi\u00e7os de manuten\u00e7\u00e3o de equipamentos eletr\u00f4nicos, instrumentos, e demais avi\u00f4nicos.<\/strong>[\/vc_column_text][vc_column_text css_animation=&#8221;fadeInUp&#8221; css=&#8221;.vc_custom_1564427138867{margin-bottom: 0px !important;}&#8221;]<\/p>\n<ul class=\"about-menu\">\n<li><a href=\"#apresentacao\">Servi\u00e7os<\/a><\/li>\n<li><a href=\"#instalacoes\">Instala\u00e7\u00f5es<\/a><\/li>\n<li><a href=\"#manutencao\">Manuten\u00e7\u00e3o<\/a><\/li>\n<\/ul>\n<p>[\/vc_column_text][\/vc_column][\/vc_row][vc_row el_class=&#8221;protect-video&#8221; el_id=&#8221;servicos&#8221;][vc_column width=&#8221;1\/2&#8243;][vc_column_text css_animation=&#8221;bounceInLeft&#8221; el_class=&#8221;about-full-protec&#8221; css=&#8221;.vc_custom_1564426749417{margin-bottom: 0px !important;}&#8221;]<\/p>\n<h2 class=\"title-default\">Servi\u00e7os<\/h2>\n<ul>\n<li><span class=\"span-text\">1<\/span>\n<p class=\"list-text\">R\u00e1dios Navega\u00e7\u00e3o e Comunica\u00e7\u00e3o<\/p>\n<\/li>\n<li><span class=\"span-text\">2<\/span>\n<p class=\"list-text\">Sistemas de Radar<\/p>\n<\/li>\n<li><span class=\"span-text\">3<\/span>\n<p class=\"list-text\">Sistemas de Piloto Autom\u00e1tico<\/p>\n<\/li>\n<li><span class=\"span-text\">4<\/span>\n<p class=\"list-text\">Instrumentos mec\u00e2nicos e eletromec\u00e2nicos como RPM, Airspeed, Alt\u00edmetros, Climb<\/p>\n<\/li>\n<li><span class=\"span-text\">5<\/span>\n<p class=\"list-text\">Instrumentos de navega\u00e7\u00e3o tais como Horizonte Artificial, HSI, ADI, RMI<\/p>\n<\/li>\n<li><span class=\"span-text\">6<\/span>\n<p class=\"list-text\">Instrumentos de motores anal\u00f3gicos e digitais<\/p>\n<\/li>\n<\/ul>\n<p>[\/vc_column_text][vc_column_text]E muitos outros produtos e servi\u00e7os, entre a capacidade pr\u00f3pria certificada ou pela parceria com terceiros no Brasil e Estados Unidos.[\/vc_column_text][\/vc_column][vc_column width=&#8221;1\/2&#8243;][vc_single_image image=&#8221;2975&#8243; img_size=&#8221;full&#8221; alignment=&#8221;center&#8221; onclick=&#8221;link_image&#8221; css_animation=&#8221;flipInY&#8221; css=&#8221;.vc_custom_1564426679474{margin-bottom: 0px !important;}&#8221;][\/vc_column][\/vc_row][vc_row full_width=&#8221;stretch_row&#8221; el_id=&#8221;instalacoes&#8221; css=&#8221;.vc_custom_1564428176142{padding-top: 50px !important;padding-bottom: 50px !important;background-image: url(http:\/\/aerotronic.com.br\/wp-content\/uploads\/2019\/07\/bg-sarasota-2.png?id=2964) !important;}&#8221;][vc_column][vc_column_text css_animation=&#8221;bounceInLeft&#8221;]<\/p>\n<h2>Instala\u00e7\u00f5es<\/h2>\n<p>Servi\u00e7o de instala\u00e7\u00e3o de avi\u00f4nicos novos, como sistemas de telas, substituindo os instrumentos anal\u00f3gicos antigos nas aeronaves.[\/vc_column_text][vc_empty_space][vc_row_inner][vc_column_inner width=&#8221;1\/3&#8243;][vc_single_image image=&#8221;3060&#8243; img_size=&#8221;300&#215;224&#8243; alignment=&#8221;center&#8221; onclick=&#8221;link_image&#8221; css_animation=&#8221;bounceInDown&#8221; css=&#8221;.vc_custom_1564427284623{margin-bottom: 0px !important;}&#8221;][\/vc_column_inner][vc_column_inner width=&#8221;1\/3&#8243;][vc_single_image image=&#8221;3061&#8243; img_size=&#8221;300&#215;224&#8243; css_animation=&#8221;bounceIn&#8221;][\/vc_column_inner][vc_column_inner width=&#8221;1\/3&#8243;][vc_single_image image=&#8221;3065&#8243; img_size=&#8221;300&#215;224&#8243; alignment=&#8221;center&#8221; onclick=&#8221;link_image&#8221; css_animation=&#8221;bounceInLeft&#8221; css=&#8221;.vc_custom_1564427305534{margin-bottom: 0px !important;}&#8221;][\/vc_column_inner][\/vc_row_inner][\/vc_column][\/vc_row][vc_row el_class=&#8221;about-review&#8221; el_id=&#8221;manutencao&#8221;][vc_column][vc_column_text css_animation=&#8221;bounceInLeft&#8221;]<\/p>\n<h2>Manuten\u00e7\u00e3o de Instala\u00e7\u00f5es<\/h2>\n<p>Servi\u00e7os de manuten\u00e7\u00e3o de instala\u00e7\u00f5es j\u00e1 existentes na aeronave. Como pesquisa de panes, consertos de cablagens, substitui\u00e7\u00e3o de cabos e conectores, calibra\u00e7\u00f5es de sistemas, configura\u00e7\u00f5es de produtos entre outros servi\u00e7os.[\/vc_column_text][vc_empty_space][vc_row_inner][vc_column_inner width=&#8221;1\/2&#8243;][vc_single_image image=&#8221;3063&#8243; img_size=&#8221;570&#215;317&#8243; alignment=&#8221;center&#8221; onclick=&#8221;link_image&#8221; css_animation=&#8221;bounceInUp&#8221; css=&#8221;.vc_custom_1564427514753{margin-bottom: 0px !important;}&#8221; el_class=&#8221;img-responsive&#8221;][\/vc_column_inner][vc_column_inner width=&#8221;1\/2&#8243;][vc_single_image image=&#8221;3062&#8243; img_size=&#8221;570&#215;317&#8243; alignment=&#8221;center&#8221; onclick=&#8221;link_image&#8221; css_animation=&#8221;bounceInRight&#8221; css=&#8221;.vc_custom_1564427529663{margin-bottom: 0px !important;}&#8221; el_class=&#8221;img-responsive&#8221;][\/vc_column_inner][\/vc_row_inner][\/vc_column][\/vc_row]<\/p>\n","protected":false},"excerpt":{"rendered":"<p>[vc_row full_width=&#8221;stretch_row_content_no_spaces&#8221; el_class=&#8221;section-wrap&#8221;][vc_column][vc_single_image image=&#8221;3025&#8243; img_size=&#8221;full&#8221; alignment=&#8221;center&#8221; onclick=&#8221;custom_link&#8221; link=&#8221;#&#8221; css=&#8221;.vc_custom_1564352541676{margin-bottom: 0px !important;}&#8221;][\/vc_column][\/vc_row][vc_row][vc_column][vc_column_text css_animation=&#8221;fadeInUp&#8221; css=&#8221;.vc_custom_1564427356958{margin-top: 25px !important;padding-right: 20px !important;padding-left: 20px !important;}&#8221;]A Aerotronic \u00e9 uma empresa renomada no mercado, prestando servi\u00e7os de manuten\u00e7\u00e3o de equipamentos eletr\u00f4nicos, instrumentos, e demais avi\u00f4nicos.[\/vc_column_text][vc_column_text css_animation=&#8221;fadeInUp&#8221; css=&#8221;.vc_custom_1564427138867{margin-bottom: 0px !important;}&#8221;] Servi\u00e7os Instala\u00e7\u00f5es Manuten\u00e7\u00e3o [\/vc_column_text][\/vc_column][\/vc_row][vc_row el_class=&#8221;protect-video&#8221; el_id=&#8221;servicos&#8221;][vc_column width=&#8221;1\/2&#8243;][vc_column_text css_animation=&#8221;bounceInLeft&#8221; el_class=&#8221;about-full-protec&#8221; css=&#8221;.vc_custom_1564426749417{margin-bottom: 0px !important;}&#8221;] Servi\u00e7os 1 [&hellip;]<\/p>\n","protected":false},"author":0,"featured_media":0,"parent":0,"menu_order":0,"comment_status":"closed","ping_status":"closed","template":"","meta":{"footnotes":""},"_links":{"self":[{"href":"https:\/\/aerotronic.com.br\/en\/wp-json\/wp\/v2\/pages\/699"}],"collection":[{"href":"https:\/\/aerotronic.com.br\/en\/wp-json\/wp\/v2\/pages"}],"about":[{"href":"https:\/\/aerotronic.com.br\/en\/wp-json\/wp\/v2\/types\/page"}],"replies":[{"embeddable":true,"href":"https:\/\/aerotronic.com.br\/en\/wp-json\/wp\/v2\/comments?post=699"}],"version-history":[{"count":13,"href":"https:\/\/aerotronic.com.br\/en\/wp-json\/wp\/v2\/pages\/699\/revisions"}],"predecessor-version":[{"id":3861,"href":"https:\/\/aerotronic.com.br\/en\/wp-json\/wp\/v2\/pages\/699\/revisions\/3861"}],"wp:attachment":[{"href":"https:\/\/aerotronic.com.br\/en\/wp-json\/wp\/v2\/media?parent=699"}],"curies":[{"name":"wp","href":"https:\/\/api.w.org\/{rel}","templated":true}]}}