{"id":368,"date":"2019-06-03T02:44:34","date_gmt":"2019-06-03T05:44:34","guid":{"rendered":"http:\/\/7uptheme.com\/wordpress\/necshop\/?page_id=368"},"modified":"2020-01-16T11:01:05","modified_gmt":"2020-01-16T14:01:05","slug":"aerotronic-avionics","status":"publish","type":"page","link":"https:\/\/aerotronic.com.br\/en\/aerotronic-avionics\/","title":{"rendered":"Aerotronic Avionics"},"content":{"rendered":"<p>[vc_row full_width=&#8221;stretch_row_content_no_spaces&#8221; el_class=&#8221;section-wrap&#8221;][vc_column][vc_single_image image=&#8221;3025&#8243; img_size=&#8221;full&#8221; alignment=&#8221;center&#8221; onclick=&#8221;custom_link&#8221; link=&#8221;#&#8221; css=&#8221;.vc_custom_1564352541676{margin-bottom: 0px !important;}&#8221;][\/vc_column][\/vc_row][vc_row][vc_column][vc_column_text css=&#8221;.vc_custom_1564353089525{margin-bottom: 0px !important;}&#8221;]<\/p>\n<ul class=\"about-menu\">\n<li><a href=\"#apresentacao\">Apresenta\u00e7\u00e3o<\/a><\/li>\n<li><a href=\"#experiencia\">Experiencia e Tecnologia<\/a><\/li>\n<li><a href=\"#servicos\">Servi\u00e7os Especializados<\/a><\/li>\n<li><a href=\"#sarasota\">Revenda Sarasota Avionics<\/a><\/li>\n<\/ul>\n<p>[\/vc_column_text][\/vc_column][\/vc_row][vc_row el_id=&#8221;apresentacao&#8221;][vc_column el_class=&#8221;contact-info-page&#8221; css=&#8221;.vc_custom_1564425719723{padding-right: 15px !important;padding-bottom: 20px !important;padding-left: 15px !important;}&#8221;][vc_column_text css=&#8221;.vc_custom_1564405061126{margin-bottom: 0px !important;}&#8221;]<\/p>\n<p style=\"text-align: left;\">Aerotronic Eletr\u00f4nica e Instrumentos de Aeronaves LTDA-ME<br \/>\nEmpresa Certificada\u00a0<strong>COM 9507-01\/ANAC<\/strong><br \/>\nAeroporto de Bacacheri, Hangar 16, CEP 82515-180<br \/>\nCuritiba \u2013 Paran\u00e1 \u2013 Brasil<br \/>\nCNPJ:\u00a000.316.634\/0001-58<\/p>\n<p style=\"text-align: left;\"><strong>S\u00f3cio gerente<\/strong>\u00a0Daniel Alexandre Wondracek<\/p>\n<p>[\/vc_column_text][vc_empty_space height=&#8221;42px&#8221;][vc_row_inner el_class=&#8221;list-contact-info&#8221;][vc_column_inner width=&#8221;1\/3&#8243;]<div class=\"item-contact-info \">\n                        <a class=\"contact-icon\" href=\"\">\n                            <i class=\"fa fa-star before\"><\/i>\n                            <i class=\"fa fa-star\"><\/i>\n                        <\/a>\n                        <h2><a href=\"\">Certifica\u00e7\u00e3o F1<\/a><\/h2>\n                    <\/div>[vc_empty_space height=&#8221;20px&#8221;][vc_column_text]MANUTEN\u00c7\u00c3O, MODIFICA\u00c7\u00d5ES E \/ OU REPARA\u00c7\u00d5ES NA NAVEGA\u00c7\u00c3O POR R\u00c1DIO EQUIPAMENTO E \/ OU COMUNICA\u00c7\u00c3O DE AERONAVES DE ACORDO COM O AP\u00caNDICE APROVADO PELA ANAC.[\/vc_column_text][\/vc_column_inner][vc_column_inner width=&#8221;1\/3&#8243;]<div class=\"item-contact-info \">\n                        <a class=\"contact-icon\" href=\"\">\n                            <i class=\"fa fa-certificate before\"><\/i>\n                            <i class=\"fa fa-certificate\"><\/i>\n                        <\/a>\n                        <h2><a href=\"\">Certifica\u00e7\u00e3o F2<\/a><\/h2>\n                    <\/div>[vc_empty_space height=&#8221;20px&#8221;][vc_column_text]MANUTEN\u00c7\u00c3O, MODIFICA\u00c7\u00d5ES E \/ OU REPARA\u00c7\u00d5ES DE INSTRUMENTOS DE AERONAVES COMO APROVADO PELA ANAC.[\/vc_column_text][\/vc_column_inner][vc_column_inner width=&#8221;1\/3&#8243;]<div class=\"item-contact-info last-item\">\n                        <a class=\"contact-icon\" href=\"\">\n                            <i class=\"fa fa-check before\"><\/i>\n                            <i class=\"fa fa-check\"><\/i>\n                        <\/a>\n                        <h2><a href=\"\">Certifica\u00e7\u00e3o F3<\/a><\/h2>\n                    <\/div>[vc_empty_space height=&#8221;20px&#8221;][vc_column_text]MANUTEN\u00c7\u00c3O, MODIFICA\u00c7\u00d5ES E \/ OU REPAROS EM ACESS\u00d3RIOS DE AERONAVES DE ACORDO COM O AP\u00caNDICE APROVADO PELA ANAC.[\/vc_column_text][\/vc_column_inner][\/vc_row_inner][\/vc_column][\/vc_row][vc_row el_class=&#8221;protect-video&#8221; el_id=&#8221;experiencia&#8221;][vc_column width=&#8221;1\/2&#8243;][vc_single_image image=&#8221;3023&#8243; img_size=&#8221;full&#8221; alignment=&#8221;center&#8221; onclick=&#8221;custom_link&#8221; link=&#8221;#&#8221; css=&#8221;.vc_custom_1564352169182{margin-bottom: 0px !important;}&#8221;][\/vc_column][vc_column width=&#8221;1\/2&#8243;][vc_column_text el_class=&#8221;about-full-protec&#8221; css=&#8221;.vc_custom_1564352105196{margin-bottom: 0px !important;}&#8221;]<\/p>\n<h2 class=\"title-default\">Experi\u00eancia &#038; Garantia<\/h2>\n<ul>\n<li><span class=\"span-text\">1<\/span>\n<p class=\"list-text\">Fundada em 1995, a Aerotronic dedica-se \u00e0 preven\u00e7\u00e3o e manuten\u00e7\u00e3o corretiva de avi\u00f4nicos e instala\u00e7\u00e3o de equipamentos, sendo respons\u00e1vel pela parte de avi\u00f4nica Helisul, uma das maiores empresas de t\u00e1xi a\u00e9reo da Am\u00e9rica Latina Am\u00e9rica e futuro centro de manuten\u00e7\u00e3o da Bell Helicopter.<\/p>\n<\/li>\n<li><span class=\"span-text\">2<\/span>\n<p class=\"list-text\">Al\u00e9m de manuten\u00e7\u00e3o, tamb\u00e9m atua na \u00e1rea de importa\u00e7\u00e3o e comercializa\u00e7\u00e3o de produtos avi\u00f4nicos.<br \/>\nLocalizado em Curitiba, no estado do Paran\u00e1 a Aerotronic tem um laborat\u00f3rio ao n\u00edvel do servi\u00e7os que realiza.<\/li>\n<\/ul>\n<p>[\/vc_column_text][\/vc_column][\/vc_row][vc_row el_class=&#8221;protect-video&#8221; el_id=&#8221;servicos&#8221;][vc_column width=&#8221;1\/2&#8243;][vc_column_text el_class=&#8221;about-full-protec&#8221; css=&#8221;.vc_custom_1564352747098{margin-bottom: 0px !important;}&#8221;]<\/p>\n<h2 class=\"title-default\">Experi\u00eancia &#038; Garantia<\/h2>\n<ul>\n<li><span class=\"span-text\">1<\/span>\n<p class=\"list-text\">Inspe\u00e7\u00e3o do Sistema de Press\u00e3o Est\u00e1tico e Pitot, incluindo\u00a0 Sistema autom\u00e1tico de Informa\u00e7\u00e3o Altim\u00e9trica (Modo C), conforme 91.411 do RBAC 91 e Anexo E do RBAC 43.<\/p>\n<\/li>\n<li><span class=\"span-text\">2<\/span>\n<p class=\"list-text\">Inspe\u00e7\u00e3o de transponder conforme requerido no RBHA 91 e no Ap\u00eandice E e F do RBAC 43.<\/p>\n<\/li>\n<\/ul>\n<p>[\/vc_column_text][\/vc_column][vc_column width=&#8221;1\/2&#8243;][vc_single_image image=&#8221;2982&#8243; img_size=&#8221;full&#8221; alignment=&#8221;center&#8221; onclick=&#8221;custom_link&#8221; link=&#8221;#&#8221; css=&#8221;.vc_custom_1564352638155{margin-bottom: 0px !important;}&#8221;][\/vc_column][\/vc_row][vc_row el_class=&#8221;about-review&#8221; el_id=&#8221;sarasota&#8221;][vc_column][vc_row_inner][vc_column_inner width=&#8221;1\/2&#8243;][vc_column_text]<\/p>\n<h2>Revenda Sarasota Avionics<\/h2>\n<p>A Aerotronic tem uma forte parceria com uma das maiores empresas do neg\u00f3cio Avi\u00f4nicos, a Sarasota Avionics, realizando vendas e instala\u00e7\u00e3o de geral equipamento aeron\u00e1utico. Com mais de 15 anos de opera\u00e7\u00e3o Sarasota Avionics \u00e9 uma empresa americana que lidera a mercado no norte do nosso continente.[\/vc_column_text][vc_empty_space][\/vc_column_inner][vc_column_inner width=&#8221;1\/2&#8243;][vc_single_image image=&#8221;3028&#8243; img_size=&#8221;full&#8221;][\/vc_column_inner][\/vc_row_inner][\/vc_column][\/vc_row]<\/p>\n","protected":false},"excerpt":{"rendered":"<p>[vc_row full_width=&#8221;stretch_row_content_no_spaces&#8221; el_class=&#8221;section-wrap&#8221;][vc_column][vc_single_image image=&#8221;3025&#8243; img_size=&#8221;full&#8221; alignment=&#8221;center&#8221; onclick=&#8221;custom_link&#8221; link=&#8221;#&#8221; css=&#8221;.vc_custom_1564352541676{margin-bottom: 0px !important;}&#8221;][\/vc_column][\/vc_row][vc_row][vc_column][vc_column_text css=&#8221;.vc_custom_1564353089525{margin-bottom: 0px !important;}&#8221;] Apresenta\u00e7\u00e3o Experiencia e Tecnologia Servi\u00e7os Especializados Revenda Sarasota Avionics [\/vc_column_text][\/vc_column][\/vc_row][vc_row el_id=&#8221;apresentacao&#8221;][vc_column el_class=&#8221;contact-info-page&#8221; css=&#8221;.vc_custom_1564425719723{padding-right: 15px !important;padding-bottom: 20px !important;padding-left: 15px !important;}&#8221;][vc_column_text css=&#8221;.vc_custom_1564405061126{margin-bottom: 0px !important;}&#8221;] Aerotronic Eletr\u00f4nica e Instrumentos de Aeronaves LTDA-ME Empresa Certificada\u00a0COM 9507-01\/ANAC Aeroporto de Bacacheri, Hangar 16, CEP 82515-180 Curitiba \u2013 [&hellip;]<\/p>\n","protected":false},"author":3,"featured_media":0,"parent":0,"menu_order":0,"comment_status":"closed","ping_status":"closed","template":"","meta":{"footnotes":""},"_links":{"self":[{"href":"https:\/\/aerotronic.com.br\/en\/wp-json\/wp\/v2\/pages\/368"}],"collection":[{"href":"https:\/\/aerotronic.com.br\/en\/wp-json\/wp\/v2\/pages"}],"about":[{"href":"https:\/\/aerotronic.com.br\/en\/wp-json\/wp\/v2\/types\/page"}],"author":[{"embeddable":true,"href":"https:\/\/aerotronic.com.br\/en\/wp-json\/wp\/v2\/users\/3"}],"replies":[{"embeddable":true,"href":"https:\/\/aerotronic.com.br\/en\/wp-json\/wp\/v2\/comments?post=368"}],"version-history":[{"count":11,"href":"https:\/\/aerotronic.com.br\/en\/wp-json\/wp\/v2\/pages\/368\/revisions"}],"predecessor-version":[{"id":3059,"href":"https:\/\/aerotronic.com.br\/en\/wp-json\/wp\/v2\/pages\/368\/revisions\/3059"}],"wp:attachment":[{"href":"https:\/\/aerotronic.com.br\/en\/wp-json\/wp\/v2\/media?parent=368"}],"curies":[{"name":"wp","href":"https:\/\/api.w.org\/{rel}","templated":true}]}}